{"id":1161,"date":"2023-03-31T01:56:53","date_gmt":"2023-03-30T23:56:53","guid":{"rendered":"https:\/\/astucesparentales.com\/?page_id=1161"},"modified":"2024-01-15T07:45:07","modified_gmt":"2024-01-15T06:45:07","slug":"etre-parent-et-secouter","status":"publish","type":"page","link":"https:\/\/astucesparentales.com\/index.php\/etre-parent-et-secouter\/","title":{"rendered":"\u00catre Parent et s&rsquo;\u00c9couter"},"content":{"rendered":"\t\t<div data-elementor-type=\"wp-page\" data-elementor-id=\"1161\" class=\"elementor elementor-1161\">\n\t\t\t\t\t\t<section class=\"elementor-section elementor-top-section elementor-element elementor-element-8c2461e elementor-section-boxed elementor-section-height-default elementor-section-height-default\" data-id=\"8c2461e\" data-element_type=\"section\" data-e-type=\"section\">\n\t\t\t\t\t\t<div class=\"elementor-container elementor-column-gap-default\">\n\t\t\t\t\t<div class=\"elementor-column elementor-col-100 elementor-top-column elementor-element elementor-element-6dbcd73\" data-id=\"6dbcd73\" data-element_type=\"column\" data-e-type=\"column\">\n\t\t\t<div class=\"elementor-widget-wrap elementor-element-populated\">\n\t\t\t\t\t\t<div class=\"elementor-element elementor-element-0cada49 elementor-widget elementor-widget-spacer\" data-id=\"0cada49\" data-element_type=\"widget\" data-e-type=\"widget\" data-widget_type=\"spacer.default\">\n\t\t\t\t<div class=\"elementor-widget-container\">\n\t\t\t\t\t\t\t<div class=\"elementor-spacer\">\n\t\t\t<div class=\"elementor-spacer-inner\"><\/div>\n\t\t<\/div>\n\t\t\t\t\t\t<\/div>\n\t\t\t\t<\/div>\n\t\t\t\t\t<\/div>\n\t\t<\/div>\n\t\t\t\t\t<\/div>\n\t\t<\/section>\n\t\t\t\t<section class=\"elementor-section elementor-top-section elementor-element elementor-element-dfbd61c elementor-section-boxed elementor-section-height-default elementor-section-height-default\" data-id=\"dfbd61c\" data-element_type=\"section\" data-e-type=\"section\">\n\t\t\t\t\t\t<div class=\"elementor-container elementor-column-gap-default\">\n\t\t\t\t\t<div class=\"elementor-column elementor-col-100 elementor-top-column elementor-element elementor-element-523ab34\" data-id=\"523ab34\" data-element_type=\"column\" data-e-type=\"column\">\n\t\t\t<div class=\"elementor-widget-wrap elementor-element-populated\">\n\t\t\t\t\t\t<div class=\"elementor-element elementor-element-ef0f758 elementor-widget elementor-widget-heading\" data-id=\"ef0f758\" data-element_type=\"widget\" data-e-type=\"widget\" data-widget_type=\"heading.default\">\n\t\t\t\t<div class=\"elementor-widget-container\">\n\t\t\t\t\t<h3 class=\"elementor-heading-title elementor-size-default\">S'\u00e9couter, c'est \u00eatre plus en mesure d'entendre les mots d'enfants.<\/h3>\t\t\t\t<\/div>\n\t\t\t\t<\/div>\n\t\t\t\t\t<\/div>\n\t\t<\/div>\n\t\t\t\t\t<\/div>\n\t\t<\/section>\n\t\t\t\t<section class=\"elementor-section elementor-top-section elementor-element elementor-element-4ac608a elementor-section-boxed elementor-section-height-default elementor-section-height-default\" data-id=\"4ac608a\" data-element_type=\"section\" data-e-type=\"section\">\n\t\t\t\t\t\t<div class=\"elementor-container elementor-column-gap-default\">\n\t\t\t\t\t<div class=\"elementor-column elementor-col-50 elementor-top-column elementor-element elementor-element-06de2c2\" data-id=\"06de2c2\" data-element_type=\"column\" data-e-type=\"column\">\n\t\t\t<div class=\"elementor-widget-wrap elementor-element-populated\">\n\t\t\t\t\t\t<div class=\"elementor-element elementor-element-cfc2a75 elementor-widget elementor-widget-image\" data-id=\"cfc2a75\" data-element_type=\"widget\" data-e-type=\"widget\" data-widget_type=\"image.default\">\n\t\t\t\t<div class=\"elementor-widget-container\">\n\t\t\t\t\t\t\t\t\t\t\t\t\t\t\t\t<a href=\"https:\/\/astucesparentales.com\/index.php\/category\/etre-parent-et-humain\/\">\n\t\t\t\t\t\t\t<img fetchpriority=\"high\" decoding=\"async\" width=\"300\" height=\"300\" src=\"https:\/\/astucesparentales.com\/wp-content\/uploads\/2024\/01\/ab3ur-1dwba-300x300.webp\" class=\"attachment-medium size-medium wp-image-3025\" alt=\"\u00catre Parents et s&#039;\u00c9couter\" srcset=\"https:\/\/astucesparentales.com\/wp-content\/uploads\/2024\/01\/ab3ur-1dwba-300x300.webp 300w, https:\/\/astucesparentales.com\/wp-content\/uploads\/2024\/01\/ab3ur-1dwba-150x150.webp 150w, https:\/\/astucesparentales.com\/wp-content\/uploads\/2024\/01\/ab3ur-1dwba.webp 500w\" sizes=\"(max-width: 300px) 100vw, 300px\" \/>\t\t\t\t\t\t\t\t<\/a>\n\t\t\t\t\t\t\t\t\t\t\t\t\t\t\t<\/div>\n\t\t\t\t<\/div>\n\t\t\t\t<div class=\"elementor-element elementor-element-6042157 elementor-widget elementor-widget-heading\" data-id=\"6042157\" data-element_type=\"widget\" data-e-type=\"widget\" data-widget_type=\"heading.default\">\n\t\t\t\t<div class=\"elementor-widget-container\">\n\t\t\t\t\t<h4 class=\"elementor-heading-title elementor-size-default\"><a href=\"https:\/\/astucesparentales.com\/index.php\/category\/etre-parent-et-humain\/\">\u00catre Parent et s'\u00c9couter<\/a><\/h4>\t\t\t\t<\/div>\n\t\t\t\t<\/div>\n\t\t\t\t\t<\/div>\n\t\t<\/div>\n\t\t\t\t<div class=\"elementor-column elementor-col-50 elementor-top-column elementor-element elementor-element-47072eb\" data-id=\"47072eb\" data-element_type=\"column\" data-e-type=\"column\">\n\t\t\t<div class=\"elementor-widget-wrap elementor-element-populated\">\n\t\t\t\t\t\t<div class=\"elementor-element elementor-element-22946c8 elementor-widget elementor-widget-image\" data-id=\"22946c8\" data-element_type=\"widget\" data-e-type=\"widget\" data-widget_type=\"image.default\">\n\t\t\t\t<div class=\"elementor-widget-container\">\n\t\t\t\t\t\t\t\t\t\t\t\t\t\t\t\t<a href=\"https:\/\/astucesparentales.com\/index.php\/category\/temoignages-parents-s-ecouter\/\">\n\t\t\t\t\t\t\t<img decoding=\"async\" width=\"300\" height=\"300\" src=\"https:\/\/astucesparentales.com\/wp-content\/uploads\/2024\/01\/ar5yr-lx18d-300x300.webp\" class=\"attachment-medium size-medium wp-image-3026\" alt=\"T\u00e9moignages \u00eatre parents et s&#039;\u00e9couter\" srcset=\"https:\/\/astucesparentales.com\/wp-content\/uploads\/2024\/01\/ar5yr-lx18d-300x300.webp 300w, https:\/\/astucesparentales.com\/wp-content\/uploads\/2024\/01\/ar5yr-lx18d-150x150.webp 150w, https:\/\/astucesparentales.com\/wp-content\/uploads\/2024\/01\/ar5yr-lx18d.webp 500w\" sizes=\"(max-width: 300px) 100vw, 300px\" \/>\t\t\t\t\t\t\t\t<\/a>\n\t\t\t\t\t\t\t\t\t\t\t\t\t\t\t<\/div>\n\t\t\t\t<\/div>\n\t\t\t\t<div class=\"elementor-element elementor-element-8e9a7b7 elementor-widget elementor-widget-heading\" data-id=\"8e9a7b7\" data-element_type=\"widget\" data-e-type=\"widget\" data-widget_type=\"heading.default\">\n\t\t\t\t<div class=\"elementor-widget-container\">\n\t\t\t\t\t<h4 class=\"elementor-heading-title elementor-size-default\"><a href=\"https:\/\/astucesparentales.com\/index.php\/category\/temoignages-parents-s-ecouter\/\">T\u00e9moignages <span class=\"elementor-heading-title elementor-size-default elementor-inline-editing pen\" data-elementor-setting-key=\"title\" data-pen-placeholder=\"\u00c9crivez ici...\" style=\"border: 0px;font-size: 1.6666666666667rem;vertical-align: baseline;clear: both;line-height: 1.5\">\u00catre Parent et s'\u00c9couter<\/span><\/a><\/h4>\t\t\t\t<\/div>\n\t\t\t\t<\/div>\n\t\t\t\t\t<\/div>\n\t\t<\/div>\n\t\t\t\t\t<\/div>\n\t\t<\/section>\n\t\t\t\t<section class=\"elementor-section elementor-top-section elementor-element elementor-element-1297465 elementor-section-boxed elementor-section-height-default elementor-section-height-default\" data-id=\"1297465\" data-element_type=\"section\" data-e-type=\"section\">\n\t\t\t\t\t\t<div class=\"elementor-container elementor-column-gap-default\">\n\t\t\t\t\t<div class=\"elementor-column elementor-col-100 elementor-top-column elementor-element elementor-element-3e5c348\" data-id=\"3e5c348\" data-element_type=\"column\" data-e-type=\"column\">\n\t\t\t<div class=\"elementor-widget-wrap elementor-element-populated\">\n\t\t\t\t\t\t<div class=\"elementor-element elementor-element-850f06a elementor-widget elementor-widget-spacer\" data-id=\"850f06a\" data-element_type=\"widget\" data-e-type=\"widget\" data-widget_type=\"spacer.default\">\n\t\t\t\t<div class=\"elementor-widget-container\">\n\t\t\t\t\t\t\t<div class=\"elementor-spacer\">\n\t\t\t<div class=\"elementor-spacer-inner\"><\/div>\n\t\t<\/div>\n\t\t\t\t\t\t<\/div>\n\t\t\t\t<\/div>\n\t\t\t\t\t<\/div>\n\t\t<\/div>\n\t\t\t\t\t<\/div>\n\t\t<\/section>\n\t\t\t\t<\/div>\n\t\t","protected":false},"excerpt":{"rendered":"<p>S&rsquo;\u00e9couter, c&rsquo;est \u00eatre plus en mesure d&rsquo;entendre les mots d&rsquo;enfants. \u00catre Parent et s&rsquo;\u00c9couter T\u00e9moignages \u00catre Parent et s&rsquo;\u00c9couter<\/p>\n","protected":false},"author":1,"featured_media":0,"parent":0,"menu_order":0,"comment_status":"closed","ping_status":"closed","template":"","meta":{"_uag_custom_page_level_css":"","site-sidebar-layout":"no-sidebar","site-content-layout":"page-builder","ast-site-content-layout":"","site-content-style":"default","site-sidebar-style":"default","ast-global-header-display":"","ast-banner-title-visibility":"","ast-main-header-display":"","ast-hfb-above-header-display":"","ast-hfb-below-header-display":"","ast-hfb-mobile-header-display":"","site-post-title":"disabled","ast-breadcrumbs-content":"","ast-featured-img":"disabled","footer-sml-layout":"","theme-transparent-header-meta":"","adv-header-id-meta":"","stick-header-meta":"","header-above-stick-meta":"","header-main-stick-meta":"","header-below-stick-meta":"","astra-migrate-meta-layouts":"default","ast-page-background-enabled":"default","ast-page-background-meta":{"desktop":{"background-color":"","background-image":"","background-repeat":"repeat","background-position":"center center","background-size":"auto","background-attachment":"scroll","background-type":"","background-media":"","overlay-type":"","overlay-color":"","overlay-opacity":"","overlay-gradient":""},"tablet":{"background-color":"","background-image":"","background-repeat":"repeat","background-position":"center center","background-size":"auto","background-attachment":"scroll","background-type":"","background-media":"","overlay-type":"","overlay-color":"","overlay-opacity":"","overlay-gradient":""},"mobile":{"background-color":"","background-image":"","background-repeat":"repeat","background-position":"center center","background-size":"auto","background-attachment":"scroll","background-type":"","background-media":"","overlay-type":"","overlay-color":"","overlay-opacity":"","overlay-gradient":""}},"ast-content-background-meta":{"desktop":{"background-color":"var(--ast-global-color-5)","background-image":"","background-repeat":"repeat","background-position":"center center","background-size":"auto","background-attachment":"scroll","background-type":"","background-media":"","overlay-type":"","overlay-color":"","overlay-opacity":"","overlay-gradient":""},"tablet":{"background-color":"var(--ast-global-color-5)","background-image":"","background-repeat":"repeat","background-position":"center center","background-size":"auto","background-attachment":"scroll","background-type":"","background-media":"","overlay-type":"","overlay-color":"","overlay-opacity":"","overlay-gradient":""},"mobile":{"background-color":"var(--ast-global-color-5)","background-image":"","background-repeat":"repeat","background-position":"center center","background-size":"auto","background-attachment":"scroll","background-type":"","background-media":"","overlay-type":"","overlay-color":"","overlay-opacity":"","overlay-gradient":""}},"footnotes":""},"class_list":["post-1161","page","type-page","status-publish","hentry"],"yoast_head":"<!-- This site is optimized with the Yoast SEO plugin v27.4 - https:\/\/yoast.com\/product\/yoast-seo-wordpress\/ -->\n<title>\u00catre Parent et s&#039;\u00c9couter - Astuces Parentales<\/title>\n<meta name=\"robots\" content=\"index, follow, max-snippet:-1, max-image-preview:large, max-video-preview:-1\" \/>\n<link rel=\"canonical\" href=\"https:\/\/astucesparentales.com\/index.php\/etre-parent-et-secouter\/\" \/>\n<meta property=\"og:locale\" content=\"fr_FR\" \/>\n<meta property=\"og:type\" content=\"article\" \/>\n<meta property=\"og:title\" content=\"\u00catre Parent et s&#039;\u00c9couter - Astuces Parentales\" \/>\n<meta property=\"og:description\" content=\"S&rsquo;\u00e9couter, c&rsquo;est \u00eatre plus en mesure d&rsquo;entendre les mots d&rsquo;enfants. \u00catre Parent et s&rsquo;\u00c9couter T\u00e9moignages \u00catre Parent et s&rsquo;\u00c9couter\" \/>\n<meta property=\"og:url\" content=\"https:\/\/astucesparentales.com\/index.php\/etre-parent-et-secouter\/\" \/>\n<meta property=\"og:site_name\" content=\"Astuces Parentales\" \/>\n<meta property=\"article:modified_time\" content=\"2024-01-15T06:45:07+00:00\" \/>\n<meta property=\"og:image\" content=\"https:\/\/astucesparentales.com\/wp-content\/uploads\/2024\/01\/ab3ur-1dwba-300x300.webp\" \/>\n<meta name=\"twitter:card\" content=\"summary_large_image\" \/>\n<meta name=\"twitter:label1\" content=\"Dur\u00e9e de lecture estim\u00e9e\" \/>\n\t<meta name=\"twitter:data1\" content=\"1 minute\" \/>\n<script type=\"application\/ld+json\" class=\"yoast-schema-graph\">{\"@context\":\"https:\\\/\\\/schema.org\",\"@graph\":[{\"@type\":\"WebPage\",\"@id\":\"https:\\\/\\\/astucesparentales.com\\\/index.php\\\/etre-parent-et-secouter\\\/\",\"url\":\"https:\\\/\\\/astucesparentales.com\\\/index.php\\\/etre-parent-et-secouter\\\/\",\"name\":\"\u00catre Parent et s'\u00c9couter - Astuces Parentales\",\"isPartOf\":{\"@id\":\"https:\\\/\\\/astucesparentales.com\\\/#website\"},\"primaryImageOfPage\":{\"@id\":\"https:\\\/\\\/astucesparentales.com\\\/index.php\\\/etre-parent-et-secouter\\\/#primaryimage\"},\"image\":{\"@id\":\"https:\\\/\\\/astucesparentales.com\\\/index.php\\\/etre-parent-et-secouter\\\/#primaryimage\"},\"thumbnailUrl\":\"https:\\\/\\\/astucesparentales.com\\\/wp-content\\\/uploads\\\/2024\\\/01\\\/ab3ur-1dwba-300x300.webp\",\"datePublished\":\"2023-03-30T23:56:53+00:00\",\"dateModified\":\"2024-01-15T06:45:07+00:00\",\"breadcrumb\":{\"@id\":\"https:\\\/\\\/astucesparentales.com\\\/index.php\\\/etre-parent-et-secouter\\\/#breadcrumb\"},\"inLanguage\":\"fr-FR\",\"potentialAction\":[{\"@type\":\"ReadAction\",\"target\":[\"https:\\\/\\\/astucesparentales.com\\\/index.php\\\/etre-parent-et-secouter\\\/\"]}]},{\"@type\":\"ImageObject\",\"inLanguage\":\"fr-FR\",\"@id\":\"https:\\\/\\\/astucesparentales.com\\\/index.php\\\/etre-parent-et-secouter\\\/#primaryimage\",\"url\":\"https:\\\/\\\/astucesparentales.com\\\/wp-content\\\/uploads\\\/2024\\\/01\\\/ab3ur-1dwba-300x300.webp\",\"contentUrl\":\"https:\\\/\\\/astucesparentales.com\\\/wp-content\\\/uploads\\\/2024\\\/01\\\/ab3ur-1dwba-300x300.webp\"},{\"@type\":\"BreadcrumbList\",\"@id\":\"https:\\\/\\\/astucesparentales.com\\\/index.php\\\/etre-parent-et-secouter\\\/#breadcrumb\",\"itemListElement\":[{\"@type\":\"ListItem\",\"position\":1,\"name\":\"Accueil\",\"item\":\"https:\\\/\\\/astucesparentales.com\\\/\"},{\"@type\":\"ListItem\",\"position\":2,\"name\":\"\u00catre Parent et s&rsquo;\u00c9couter\"}]},{\"@type\":\"WebSite\",\"@id\":\"https:\\\/\\\/astucesparentales.com\\\/#website\",\"url\":\"https:\\\/\\\/astucesparentales.com\\\/\",\"name\":\"Astuces Parentales\",\"description\":\"Astuces Parentales\",\"publisher\":{\"@id\":\"https:\\\/\\\/astucesparentales.com\\\/#organization\"},\"potentialAction\":[{\"@type\":\"SearchAction\",\"target\":{\"@type\":\"EntryPoint\",\"urlTemplate\":\"https:\\\/\\\/astucesparentales.com\\\/?s={search_term_string}\"},\"query-input\":{\"@type\":\"PropertyValueSpecification\",\"valueRequired\":true,\"valueName\":\"search_term_string\"}}],\"inLanguage\":\"fr-FR\"},{\"@type\":\"Organization\",\"@id\":\"https:\\\/\\\/astucesparentales.com\\\/#organization\",\"name\":\"Astuces Parentales\",\"url\":\"https:\\\/\\\/astucesparentales.com\\\/\",\"logo\":{\"@type\":\"ImageObject\",\"inLanguage\":\"fr-FR\",\"@id\":\"https:\\\/\\\/astucesparentales.com\\\/#\\\/schema\\\/logo\\\/image\\\/\",\"url\":\"https:\\\/\\\/astucesparentales.com\\\/wp-content\\\/uploads\\\/2024\\\/01\\\/cropped-a9aw3-ny6e4.webp\",\"contentUrl\":\"https:\\\/\\\/astucesparentales.com\\\/wp-content\\\/uploads\\\/2024\\\/01\\\/cropped-a9aw3-ny6e4.webp\",\"width\":490,\"height\":476,\"caption\":\"Astuces Parentales\"},\"image\":{\"@id\":\"https:\\\/\\\/astucesparentales.com\\\/#\\\/schema\\\/logo\\\/image\\\/\"}}]}<\/script>\n<!-- \/ Yoast SEO plugin. -->","yoast_head_json":{"title":"\u00catre Parent et s'\u00c9couter - Astuces Parentales","robots":{"index":"index","follow":"follow","max-snippet":"max-snippet:-1","max-image-preview":"max-image-preview:large","max-video-preview":"max-video-preview:-1"},"canonical":"https:\/\/astucesparentales.com\/index.php\/etre-parent-et-secouter\/","og_locale":"fr_FR","og_type":"article","og_title":"\u00catre Parent et s'\u00c9couter - Astuces Parentales","og_description":"S&rsquo;\u00e9couter, c&rsquo;est \u00eatre plus en mesure d&rsquo;entendre les mots d&rsquo;enfants. \u00catre Parent et s&rsquo;\u00c9couter T\u00e9moignages \u00catre Parent et s&rsquo;\u00c9couter","og_url":"https:\/\/astucesparentales.com\/index.php\/etre-parent-et-secouter\/","og_site_name":"Astuces Parentales","article_modified_time":"2024-01-15T06:45:07+00:00","og_image":[{"url":"https:\/\/astucesparentales.com\/wp-content\/uploads\/2024\/01\/ab3ur-1dwba-300x300.webp","type":"","width":"","height":""}],"twitter_card":"summary_large_image","twitter_misc":{"Dur\u00e9e de lecture estim\u00e9e":"1 minute"},"schema":{"@context":"https:\/\/schema.org","@graph":[{"@type":"WebPage","@id":"https:\/\/astucesparentales.com\/index.php\/etre-parent-et-secouter\/","url":"https:\/\/astucesparentales.com\/index.php\/etre-parent-et-secouter\/","name":"\u00catre Parent et s'\u00c9couter - Astuces Parentales","isPartOf":{"@id":"https:\/\/astucesparentales.com\/#website"},"primaryImageOfPage":{"@id":"https:\/\/astucesparentales.com\/index.php\/etre-parent-et-secouter\/#primaryimage"},"image":{"@id":"https:\/\/astucesparentales.com\/index.php\/etre-parent-et-secouter\/#primaryimage"},"thumbnailUrl":"https:\/\/astucesparentales.com\/wp-content\/uploads\/2024\/01\/ab3ur-1dwba-300x300.webp","datePublished":"2023-03-30T23:56:53+00:00","dateModified":"2024-01-15T06:45:07+00:00","breadcrumb":{"@id":"https:\/\/astucesparentales.com\/index.php\/etre-parent-et-secouter\/#breadcrumb"},"inLanguage":"fr-FR","potentialAction":[{"@type":"ReadAction","target":["https:\/\/astucesparentales.com\/index.php\/etre-parent-et-secouter\/"]}]},{"@type":"ImageObject","inLanguage":"fr-FR","@id":"https:\/\/astucesparentales.com\/index.php\/etre-parent-et-secouter\/#primaryimage","url":"https:\/\/astucesparentales.com\/wp-content\/uploads\/2024\/01\/ab3ur-1dwba-300x300.webp","contentUrl":"https:\/\/astucesparentales.com\/wp-content\/uploads\/2024\/01\/ab3ur-1dwba-300x300.webp"},{"@type":"BreadcrumbList","@id":"https:\/\/astucesparentales.com\/index.php\/etre-parent-et-secouter\/#breadcrumb","itemListElement":[{"@type":"ListItem","position":1,"name":"Accueil","item":"https:\/\/astucesparentales.com\/"},{"@type":"ListItem","position":2,"name":"\u00catre Parent et s&rsquo;\u00c9couter"}]},{"@type":"WebSite","@id":"https:\/\/astucesparentales.com\/#website","url":"https:\/\/astucesparentales.com\/","name":"Astuces Parentales","description":"Astuces Parentales","publisher":{"@id":"https:\/\/astucesparentales.com\/#organization"},"potentialAction":[{"@type":"SearchAction","target":{"@type":"EntryPoint","urlTemplate":"https:\/\/astucesparentales.com\/?s={search_term_string}"},"query-input":{"@type":"PropertyValueSpecification","valueRequired":true,"valueName":"search_term_string"}}],"inLanguage":"fr-FR"},{"@type":"Organization","@id":"https:\/\/astucesparentales.com\/#organization","name":"Astuces Parentales","url":"https:\/\/astucesparentales.com\/","logo":{"@type":"ImageObject","inLanguage":"fr-FR","@id":"https:\/\/astucesparentales.com\/#\/schema\/logo\/image\/","url":"https:\/\/astucesparentales.com\/wp-content\/uploads\/2024\/01\/cropped-a9aw3-ny6e4.webp","contentUrl":"https:\/\/astucesparentales.com\/wp-content\/uploads\/2024\/01\/cropped-a9aw3-ny6e4.webp","width":490,"height":476,"caption":"Astuces Parentales"},"image":{"@id":"https:\/\/astucesparentales.com\/#\/schema\/logo\/image\/"}}]}},"uagb_featured_image_src":{"full":false,"thumbnail":false,"medium":false,"medium_large":false,"large":false,"1536x1536":false,"2048x2048":false},"uagb_author_info":{"display_name":"AstucesParentales","author_link":"https:\/\/astucesparentales.com\/index.php\/author\/astucesparentales-1\/"},"uagb_comment_info":0,"uagb_excerpt":"S&rsquo;\u00e9couter, c&rsquo;est \u00eatre plus en mesure d&rsquo;entendre les mots d&rsquo;enfants. \u00catre Parent et s&rsquo;\u00c9couter T\u00e9moignages \u00catre Parent et s&rsquo;\u00c9couter","_links":{"self":[{"href":"https:\/\/astucesparentales.com\/index.php\/wp-json\/wp\/v2\/pages\/1161","targetHints":{"allow":["GET"]}}],"collection":[{"href":"https:\/\/astucesparentales.com\/index.php\/wp-json\/wp\/v2\/pages"}],"about":[{"href":"https:\/\/astucesparentales.com\/index.php\/wp-json\/wp\/v2\/types\/page"}],"author":[{"embeddable":true,"href":"https:\/\/astucesparentales.com\/index.php\/wp-json\/wp\/v2\/users\/1"}],"replies":[{"embeddable":true,"href":"https:\/\/astucesparentales.com\/index.php\/wp-json\/wp\/v2\/comments?post=1161"}],"version-history":[{"count":25,"href":"https:\/\/astucesparentales.com\/index.php\/wp-json\/wp\/v2\/pages\/1161\/revisions"}],"predecessor-version":[{"id":3030,"href":"https:\/\/astucesparentales.com\/index.php\/wp-json\/wp\/v2\/pages\/1161\/revisions\/3030"}],"wp:attachment":[{"href":"https:\/\/astucesparentales.com\/index.php\/wp-json\/wp\/v2\/media?parent=1161"}],"curies":[{"name":"wp","href":"https:\/\/api.w.org\/{rel}","templated":true}]}}