{"id":1209,"date":"2023-03-31T23:11:42","date_gmt":"2023-03-31T21:11:42","guid":{"rendered":"https:\/\/astucesparentales.com\/?page_id=1209"},"modified":"2024-01-15T07:48:02","modified_gmt":"2024-01-15T06:48:02","slug":"parentalite-respectueuse","status":"publish","type":"page","link":"https:\/\/astucesparentales.com\/index.php\/parentalite-respectueuse\/","title":{"rendered":"Parentalit\u00e9 respectueuse"},"content":{"rendered":"\t\t<div data-elementor-type=\"wp-page\" data-elementor-id=\"1209\" class=\"elementor elementor-1209\">\n\t\t\t\t\t\t<section class=\"elementor-section elementor-top-section elementor-element elementor-element-8c25cb8 elementor-section-boxed elementor-section-height-default elementor-section-height-default\" data-id=\"8c25cb8\" data-element_type=\"section\" data-e-type=\"section\">\n\t\t\t\t\t\t<div class=\"elementor-container elementor-column-gap-default\">\n\t\t\t\t\t<div class=\"elementor-column elementor-col-100 elementor-top-column elementor-element elementor-element-0088f3e\" data-id=\"0088f3e\" data-element_type=\"column\" data-e-type=\"column\">\n\t\t\t<div class=\"elementor-widget-wrap elementor-element-populated\">\n\t\t\t\t\t\t<div class=\"elementor-element elementor-element-d7105cd elementor-widget elementor-widget-spacer\" data-id=\"d7105cd\" data-element_type=\"widget\" data-e-type=\"widget\" data-widget_type=\"spacer.default\">\n\t\t\t\t<div class=\"elementor-widget-container\">\n\t\t\t\t\t\t\t<div class=\"elementor-spacer\">\n\t\t\t<div class=\"elementor-spacer-inner\"><\/div>\n\t\t<\/div>\n\t\t\t\t\t\t<\/div>\n\t\t\t\t<\/div>\n\t\t\t\t\t<\/div>\n\t\t<\/div>\n\t\t\t\t\t<\/div>\n\t\t<\/section>\n\t\t\t\t<section class=\"elementor-section elementor-top-section elementor-element elementor-element-5576f00 elementor-section-boxed elementor-section-height-default elementor-section-height-default\" data-id=\"5576f00\" data-element_type=\"section\" data-e-type=\"section\">\n\t\t\t\t\t\t<div class=\"elementor-container elementor-column-gap-default\">\n\t\t\t\t\t<div class=\"elementor-column elementor-col-100 elementor-top-column elementor-element elementor-element-ffb1179\" data-id=\"ffb1179\" data-element_type=\"column\" data-e-type=\"column\">\n\t\t\t<div class=\"elementor-widget-wrap elementor-element-populated\">\n\t\t\t\t\t\t<div class=\"elementor-element elementor-element-9d9212e elementor-widget elementor-widget-heading\" data-id=\"9d9212e\" data-element_type=\"widget\" data-e-type=\"widget\" data-widget_type=\"heading.default\">\n\t\t\t\t<div class=\"elementor-widget-container\">\n\t\t\t\t\t<h3 class=\"elementor-heading-title elementor-size-default\">Plus je t'\u00e9levais dans l'amour, plus je grandissais. Il est l\u00e0 le miracle.<\/h3>\t\t\t\t<\/div>\n\t\t\t\t<\/div>\n\t\t\t\t\t<\/div>\n\t\t<\/div>\n\t\t\t\t\t<\/div>\n\t\t<\/section>\n\t\t\t\t<section class=\"elementor-section elementor-top-section elementor-element elementor-element-d32ea16 elementor-section-boxed elementor-section-height-default elementor-section-height-default\" data-id=\"d32ea16\" data-element_type=\"section\" data-e-type=\"section\">\n\t\t\t\t\t\t<div class=\"elementor-container elementor-column-gap-default\">\n\t\t\t\t\t<div class=\"elementor-column elementor-col-50 elementor-top-column elementor-element elementor-element-32b5bbd\" data-id=\"32b5bbd\" data-element_type=\"column\" data-e-type=\"column\">\n\t\t\t<div class=\"elementor-widget-wrap elementor-element-populated\">\n\t\t\t\t\t\t<div class=\"elementor-element elementor-element-6d823ff elementor-widget elementor-widget-image\" data-id=\"6d823ff\" data-element_type=\"widget\" data-e-type=\"widget\" data-widget_type=\"image.default\">\n\t\t\t\t<div class=\"elementor-widget-container\">\n\t\t\t\t\t\t\t\t\t\t\t\t\t\t\t\t<a href=\"https:\/\/astucesparentales.com\/index.php\/category\/parentale-respectueuse\/\">\n\t\t\t\t\t\t\t<img fetchpriority=\"high\" decoding=\"async\" width=\"300\" height=\"300\" src=\"https:\/\/astucesparentales.com\/wp-content\/uploads\/2024\/01\/a7qut-l1kwc-300x300.webp\" class=\"attachment-medium size-medium wp-image-3031\" alt=\"Parentalit\u00e9 Respectueuse\" srcset=\"https:\/\/astucesparentales.com\/wp-content\/uploads\/2024\/01\/a7qut-l1kwc-300x300.webp 300w, https:\/\/astucesparentales.com\/wp-content\/uploads\/2024\/01\/a7qut-l1kwc-150x150.webp 150w, https:\/\/astucesparentales.com\/wp-content\/uploads\/2024\/01\/a7qut-l1kwc.webp 500w\" sizes=\"(max-width: 300px) 100vw, 300px\" \/>\t\t\t\t\t\t\t\t<\/a>\n\t\t\t\t\t\t\t\t\t\t\t\t\t\t\t<\/div>\n\t\t\t\t<\/div>\n\t\t\t\t<div class=\"elementor-element elementor-element-95c6abf elementor-widget elementor-widget-heading\" data-id=\"95c6abf\" data-element_type=\"widget\" data-e-type=\"widget\" data-widget_type=\"heading.default\">\n\t\t\t\t<div class=\"elementor-widget-container\">\n\t\t\t\t\t<h4 class=\"elementor-heading-title elementor-size-default\"><a href=\"https:\/\/astucesparentales.com\/index.php\/category\/parentale-respectueuse\/\">Parentalit\u00e9 Respectueuse<\/a><\/h4>\t\t\t\t<\/div>\n\t\t\t\t<\/div>\n\t\t\t\t\t<\/div>\n\t\t<\/div>\n\t\t\t\t<div class=\"elementor-column elementor-col-50 elementor-top-column elementor-element elementor-element-3babf9b\" data-id=\"3babf9b\" data-element_type=\"column\" data-e-type=\"column\">\n\t\t\t<div class=\"elementor-widget-wrap elementor-element-populated\">\n\t\t\t\t\t\t<div class=\"elementor-element elementor-element-3281b08 elementor-widget elementor-widget-image\" data-id=\"3281b08\" data-element_type=\"widget\" data-e-type=\"widget\" data-widget_type=\"image.default\">\n\t\t\t\t<div class=\"elementor-widget-container\">\n\t\t\t\t\t\t\t\t\t\t\t\t\t\t\t\t<a href=\"https:\/\/astucesparentales.com\/index.php\/category\/education-positive\/\">\n\t\t\t\t\t\t\t<img decoding=\"async\" width=\"300\" height=\"300\" src=\"https:\/\/astucesparentales.com\/wp-content\/uploads\/2024\/01\/anscg-c9aqf-300x300.webp\" class=\"attachment-medium size-medium wp-image-3032\" alt=\"T\u00e9moignages Parentalit\u00e9 Respectueuse\" srcset=\"https:\/\/astucesparentales.com\/wp-content\/uploads\/2024\/01\/anscg-c9aqf-300x300.webp 300w, https:\/\/astucesparentales.com\/wp-content\/uploads\/2024\/01\/anscg-c9aqf-150x150.webp 150w, https:\/\/astucesparentales.com\/wp-content\/uploads\/2024\/01\/anscg-c9aqf.webp 500w\" sizes=\"(max-width: 300px) 100vw, 300px\" \/>\t\t\t\t\t\t\t\t<\/a>\n\t\t\t\t\t\t\t\t\t\t\t\t\t\t\t<\/div>\n\t\t\t\t<\/div>\n\t\t\t\t<div class=\"elementor-element elementor-element-5a5acd8 elementor-widget elementor-widget-heading\" data-id=\"5a5acd8\" data-element_type=\"widget\" data-e-type=\"widget\" data-widget_type=\"heading.default\">\n\t\t\t\t<div class=\"elementor-widget-container\">\n\t\t\t\t\t<h4 class=\"elementor-heading-title elementor-size-default\"><a href=\"https:\/\/astucesparentales.com\/index.php\/category\/education-positive\/\">T\u00e9moignages Parentalit\u00e9 Respectueuse<\/a><\/h4>\t\t\t\t<\/div>\n\t\t\t\t<\/div>\n\t\t\t\t\t<\/div>\n\t\t<\/div>\n\t\t\t\t\t<\/div>\n\t\t<\/section>\n\t\t\t\t<section class=\"elementor-section elementor-top-section elementor-element elementor-element-6bcfb23 elementor-section-boxed elementor-section-height-default elementor-section-height-default\" data-id=\"6bcfb23\" data-element_type=\"section\" data-e-type=\"section\">\n\t\t\t\t\t\t<div class=\"elementor-container elementor-column-gap-default\">\n\t\t\t\t\t<div class=\"elementor-column elementor-col-100 elementor-top-column elementor-element elementor-element-4dba426\" data-id=\"4dba426\" data-element_type=\"column\" data-e-type=\"column\">\n\t\t\t<div class=\"elementor-widget-wrap elementor-element-populated\">\n\t\t\t\t\t\t<div class=\"elementor-element elementor-element-69b6156 elementor-widget elementor-widget-spacer\" data-id=\"69b6156\" data-element_type=\"widget\" data-e-type=\"widget\" data-widget_type=\"spacer.default\">\n\t\t\t\t<div class=\"elementor-widget-container\">\n\t\t\t\t\t\t\t<div class=\"elementor-spacer\">\n\t\t\t<div class=\"elementor-spacer-inner\"><\/div>\n\t\t<\/div>\n\t\t\t\t\t\t<\/div>\n\t\t\t\t<\/div>\n\t\t\t\t\t<\/div>\n\t\t<\/div>\n\t\t\t\t\t<\/div>\n\t\t<\/section>\n\t\t\t\t<\/div>\n\t\t","protected":false},"excerpt":{"rendered":"<p>Plus je t&rsquo;\u00e9levais dans l&rsquo;amour, plus je grandissais. Il est l\u00e0 le miracle. Parentalit\u00e9 Respectueuse T\u00e9moignages Parentalit\u00e9 Respectueuse<\/p>\n","protected":false},"author":1,"featured_media":0,"parent":0,"menu_order":0,"comment_status":"closed","ping_status":"closed","template":"","meta":{"_uag_custom_page_level_css":"","site-sidebar-layout":"no-sidebar","site-content-layout":"page-builder","ast-site-content-layout":"","site-content-style":"default","site-sidebar-style":"default","ast-global-header-display":"","ast-banner-title-visibility":"","ast-main-header-display":"","ast-hfb-above-header-display":"","ast-hfb-below-header-display":"","ast-hfb-mobile-header-display":"","site-post-title":"disabled","ast-breadcrumbs-content":"","ast-featured-img":"disabled","footer-sml-layout":"","theme-transparent-header-meta":"","adv-header-id-meta":"","stick-header-meta":"","header-above-stick-meta":"","header-main-stick-meta":"","header-below-stick-meta":"","astra-migrate-meta-layouts":"default","ast-page-background-enabled":"default","ast-page-background-meta":{"desktop":{"background-color":"","background-image":"","background-repeat":"repeat","background-position":"center center","background-size":"auto","background-attachment":"scroll","background-type":"","background-media":"","overlay-type":"","overlay-color":"","overlay-opacity":"","overlay-gradient":""},"tablet":{"background-color":"","background-image":"","background-repeat":"repeat","background-position":"center center","background-size":"auto","background-attachment":"scroll","background-type":"","background-media":"","overlay-type":"","overlay-color":"","overlay-opacity":"","overlay-gradient":""},"mobile":{"background-color":"","background-image":"","background-repeat":"repeat","background-position":"center center","background-size":"auto","background-attachment":"scroll","background-type":"","background-media":"","overlay-type":"","overlay-color":"","overlay-opacity":"","overlay-gradient":""}},"ast-content-background-meta":{"desktop":{"background-color":"var(--ast-global-color-5)","background-image":"","background-repeat":"repeat","background-position":"center center","background-size":"auto","background-attachment":"scroll","background-type":"","background-media":"","overlay-type":"","overlay-color":"","overlay-opacity":"","overlay-gradient":""},"tablet":{"background-color":"var(--ast-global-color-5)","background-image":"","background-repeat":"repeat","background-position":"center center","background-size":"auto","background-attachment":"scroll","background-type":"","background-media":"","overlay-type":"","overlay-color":"","overlay-opacity":"","overlay-gradient":""},"mobile":{"background-color":"var(--ast-global-color-5)","background-image":"","background-repeat":"repeat","background-position":"center center","background-size":"auto","background-attachment":"scroll","background-type":"","background-media":"","overlay-type":"","overlay-color":"","overlay-opacity":"","overlay-gradient":""}},"footnotes":""},"class_list":["post-1209","page","type-page","status-publish","hentry"],"yoast_head":"<!-- This site is optimized with the Yoast SEO plugin v27.4 - https:\/\/yoast.com\/product\/yoast-seo-wordpress\/ -->\n<title>Parentalit\u00e9 respectueuse - Astuces Parentales<\/title>\n<meta name=\"robots\" content=\"index, follow, max-snippet:-1, max-image-preview:large, max-video-preview:-1\" \/>\n<link rel=\"canonical\" href=\"https:\/\/astucesparentales.com\/index.php\/parentalite-respectueuse\/\" \/>\n<meta property=\"og:locale\" content=\"fr_FR\" \/>\n<meta property=\"og:type\" content=\"article\" \/>\n<meta property=\"og:title\" content=\"Parentalit\u00e9 respectueuse - Astuces Parentales\" \/>\n<meta property=\"og:description\" content=\"Plus je t&rsquo;\u00e9levais dans l&rsquo;amour, plus je grandissais. Il est l\u00e0 le miracle. Parentalit\u00e9 Respectueuse T\u00e9moignages Parentalit\u00e9 Respectueuse\" \/>\n<meta property=\"og:url\" content=\"https:\/\/astucesparentales.com\/index.php\/parentalite-respectueuse\/\" \/>\n<meta property=\"og:site_name\" content=\"Astuces Parentales\" \/>\n<meta property=\"article:modified_time\" content=\"2024-01-15T06:48:02+00:00\" \/>\n<meta property=\"og:image\" content=\"https:\/\/astucesparentales.com\/wp-content\/uploads\/2024\/01\/a7qut-l1kwc-300x300.webp\" \/>\n<meta name=\"twitter:card\" content=\"summary_large_image\" \/>\n<meta name=\"twitter:label1\" content=\"Dur\u00e9e de lecture estim\u00e9e\" \/>\n\t<meta name=\"twitter:data1\" content=\"1 minute\" \/>\n<script type=\"application\/ld+json\" class=\"yoast-schema-graph\">{\"@context\":\"https:\\\/\\\/schema.org\",\"@graph\":[{\"@type\":\"WebPage\",\"@id\":\"https:\\\/\\\/astucesparentales.com\\\/index.php\\\/parentalite-respectueuse\\\/\",\"url\":\"https:\\\/\\\/astucesparentales.com\\\/index.php\\\/parentalite-respectueuse\\\/\",\"name\":\"Parentalit\u00e9 respectueuse - Astuces Parentales\",\"isPartOf\":{\"@id\":\"https:\\\/\\\/astucesparentales.com\\\/#website\"},\"primaryImageOfPage\":{\"@id\":\"https:\\\/\\\/astucesparentales.com\\\/index.php\\\/parentalite-respectueuse\\\/#primaryimage\"},\"image\":{\"@id\":\"https:\\\/\\\/astucesparentales.com\\\/index.php\\\/parentalite-respectueuse\\\/#primaryimage\"},\"thumbnailUrl\":\"https:\\\/\\\/astucesparentales.com\\\/wp-content\\\/uploads\\\/2024\\\/01\\\/a7qut-l1kwc-300x300.webp\",\"datePublished\":\"2023-03-31T21:11:42+00:00\",\"dateModified\":\"2024-01-15T06:48:02+00:00\",\"breadcrumb\":{\"@id\":\"https:\\\/\\\/astucesparentales.com\\\/index.php\\\/parentalite-respectueuse\\\/#breadcrumb\"},\"inLanguage\":\"fr-FR\",\"potentialAction\":[{\"@type\":\"ReadAction\",\"target\":[\"https:\\\/\\\/astucesparentales.com\\\/index.php\\\/parentalite-respectueuse\\\/\"]}]},{\"@type\":\"ImageObject\",\"inLanguage\":\"fr-FR\",\"@id\":\"https:\\\/\\\/astucesparentales.com\\\/index.php\\\/parentalite-respectueuse\\\/#primaryimage\",\"url\":\"https:\\\/\\\/astucesparentales.com\\\/wp-content\\\/uploads\\\/2024\\\/01\\\/a7qut-l1kwc-300x300.webp\",\"contentUrl\":\"https:\\\/\\\/astucesparentales.com\\\/wp-content\\\/uploads\\\/2024\\\/01\\\/a7qut-l1kwc-300x300.webp\"},{\"@type\":\"BreadcrumbList\",\"@id\":\"https:\\\/\\\/astucesparentales.com\\\/index.php\\\/parentalite-respectueuse\\\/#breadcrumb\",\"itemListElement\":[{\"@type\":\"ListItem\",\"position\":1,\"name\":\"Accueil\",\"item\":\"https:\\\/\\\/astucesparentales.com\\\/\"},{\"@type\":\"ListItem\",\"position\":2,\"name\":\"Parentalit\u00e9 respectueuse\"}]},{\"@type\":\"WebSite\",\"@id\":\"https:\\\/\\\/astucesparentales.com\\\/#website\",\"url\":\"https:\\\/\\\/astucesparentales.com\\\/\",\"name\":\"Astuces Parentales\",\"description\":\"Astuces Parentales\",\"publisher\":{\"@id\":\"https:\\\/\\\/astucesparentales.com\\\/#organization\"},\"potentialAction\":[{\"@type\":\"SearchAction\",\"target\":{\"@type\":\"EntryPoint\",\"urlTemplate\":\"https:\\\/\\\/astucesparentales.com\\\/?s={search_term_string}\"},\"query-input\":{\"@type\":\"PropertyValueSpecification\",\"valueRequired\":true,\"valueName\":\"search_term_string\"}}],\"inLanguage\":\"fr-FR\"},{\"@type\":\"Organization\",\"@id\":\"https:\\\/\\\/astucesparentales.com\\\/#organization\",\"name\":\"Astuces Parentales\",\"url\":\"https:\\\/\\\/astucesparentales.com\\\/\",\"logo\":{\"@type\":\"ImageObject\",\"inLanguage\":\"fr-FR\",\"@id\":\"https:\\\/\\\/astucesparentales.com\\\/#\\\/schema\\\/logo\\\/image\\\/\",\"url\":\"https:\\\/\\\/astucesparentales.com\\\/wp-content\\\/uploads\\\/2024\\\/01\\\/cropped-a9aw3-ny6e4.webp\",\"contentUrl\":\"https:\\\/\\\/astucesparentales.com\\\/wp-content\\\/uploads\\\/2024\\\/01\\\/cropped-a9aw3-ny6e4.webp\",\"width\":490,\"height\":476,\"caption\":\"Astuces Parentales\"},\"image\":{\"@id\":\"https:\\\/\\\/astucesparentales.com\\\/#\\\/schema\\\/logo\\\/image\\\/\"}}]}<\/script>\n<!-- \/ Yoast SEO plugin. -->","yoast_head_json":{"title":"Parentalit\u00e9 respectueuse - Astuces Parentales","robots":{"index":"index","follow":"follow","max-snippet":"max-snippet:-1","max-image-preview":"max-image-preview:large","max-video-preview":"max-video-preview:-1"},"canonical":"https:\/\/astucesparentales.com\/index.php\/parentalite-respectueuse\/","og_locale":"fr_FR","og_type":"article","og_title":"Parentalit\u00e9 respectueuse - Astuces Parentales","og_description":"Plus je t&rsquo;\u00e9levais dans l&rsquo;amour, plus je grandissais. Il est l\u00e0 le miracle. Parentalit\u00e9 Respectueuse T\u00e9moignages Parentalit\u00e9 Respectueuse","og_url":"https:\/\/astucesparentales.com\/index.php\/parentalite-respectueuse\/","og_site_name":"Astuces Parentales","article_modified_time":"2024-01-15T06:48:02+00:00","og_image":[{"url":"https:\/\/astucesparentales.com\/wp-content\/uploads\/2024\/01\/a7qut-l1kwc-300x300.webp","type":"","width":"","height":""}],"twitter_card":"summary_large_image","twitter_misc":{"Dur\u00e9e de lecture estim\u00e9e":"1 minute"},"schema":{"@context":"https:\/\/schema.org","@graph":[{"@type":"WebPage","@id":"https:\/\/astucesparentales.com\/index.php\/parentalite-respectueuse\/","url":"https:\/\/astucesparentales.com\/index.php\/parentalite-respectueuse\/","name":"Parentalit\u00e9 respectueuse - Astuces Parentales","isPartOf":{"@id":"https:\/\/astucesparentales.com\/#website"},"primaryImageOfPage":{"@id":"https:\/\/astucesparentales.com\/index.php\/parentalite-respectueuse\/#primaryimage"},"image":{"@id":"https:\/\/astucesparentales.com\/index.php\/parentalite-respectueuse\/#primaryimage"},"thumbnailUrl":"https:\/\/astucesparentales.com\/wp-content\/uploads\/2024\/01\/a7qut-l1kwc-300x300.webp","datePublished":"2023-03-31T21:11:42+00:00","dateModified":"2024-01-15T06:48:02+00:00","breadcrumb":{"@id":"https:\/\/astucesparentales.com\/index.php\/parentalite-respectueuse\/#breadcrumb"},"inLanguage":"fr-FR","potentialAction":[{"@type":"ReadAction","target":["https:\/\/astucesparentales.com\/index.php\/parentalite-respectueuse\/"]}]},{"@type":"ImageObject","inLanguage":"fr-FR","@id":"https:\/\/astucesparentales.com\/index.php\/parentalite-respectueuse\/#primaryimage","url":"https:\/\/astucesparentales.com\/wp-content\/uploads\/2024\/01\/a7qut-l1kwc-300x300.webp","contentUrl":"https:\/\/astucesparentales.com\/wp-content\/uploads\/2024\/01\/a7qut-l1kwc-300x300.webp"},{"@type":"BreadcrumbList","@id":"https:\/\/astucesparentales.com\/index.php\/parentalite-respectueuse\/#breadcrumb","itemListElement":[{"@type":"ListItem","position":1,"name":"Accueil","item":"https:\/\/astucesparentales.com\/"},{"@type":"ListItem","position":2,"name":"Parentalit\u00e9 respectueuse"}]},{"@type":"WebSite","@id":"https:\/\/astucesparentales.com\/#website","url":"https:\/\/astucesparentales.com\/","name":"Astuces Parentales","description":"Astuces Parentales","publisher":{"@id":"https:\/\/astucesparentales.com\/#organization"},"potentialAction":[{"@type":"SearchAction","target":{"@type":"EntryPoint","urlTemplate":"https:\/\/astucesparentales.com\/?s={search_term_string}"},"query-input":{"@type":"PropertyValueSpecification","valueRequired":true,"valueName":"search_term_string"}}],"inLanguage":"fr-FR"},{"@type":"Organization","@id":"https:\/\/astucesparentales.com\/#organization","name":"Astuces Parentales","url":"https:\/\/astucesparentales.com\/","logo":{"@type":"ImageObject","inLanguage":"fr-FR","@id":"https:\/\/astucesparentales.com\/#\/schema\/logo\/image\/","url":"https:\/\/astucesparentales.com\/wp-content\/uploads\/2024\/01\/cropped-a9aw3-ny6e4.webp","contentUrl":"https:\/\/astucesparentales.com\/wp-content\/uploads\/2024\/01\/cropped-a9aw3-ny6e4.webp","width":490,"height":476,"caption":"Astuces Parentales"},"image":{"@id":"https:\/\/astucesparentales.com\/#\/schema\/logo\/image\/"}}]}},"uagb_featured_image_src":{"full":false,"thumbnail":false,"medium":false,"medium_large":false,"large":false,"1536x1536":false,"2048x2048":false},"uagb_author_info":{"display_name":"AstucesParentales","author_link":"https:\/\/astucesparentales.com\/index.php\/author\/astucesparentales-1\/"},"uagb_comment_info":0,"uagb_excerpt":"Plus je t&rsquo;\u00e9levais dans l&rsquo;amour, plus je grandissais. Il est l\u00e0 le miracle. Parentalit\u00e9 Respectueuse T\u00e9moignages Parentalit\u00e9 Respectueuse","_links":{"self":[{"href":"https:\/\/astucesparentales.com\/index.php\/wp-json\/wp\/v2\/pages\/1209","targetHints":{"allow":["GET"]}}],"collection":[{"href":"https:\/\/astucesparentales.com\/index.php\/wp-json\/wp\/v2\/pages"}],"about":[{"href":"https:\/\/astucesparentales.com\/index.php\/wp-json\/wp\/v2\/types\/page"}],"author":[{"embeddable":true,"href":"https:\/\/astucesparentales.com\/index.php\/wp-json\/wp\/v2\/users\/1"}],"replies":[{"embeddable":true,"href":"https:\/\/astucesparentales.com\/index.php\/wp-json\/wp\/v2\/comments?post=1209"}],"version-history":[{"count":25,"href":"https:\/\/astucesparentales.com\/index.php\/wp-json\/wp\/v2\/pages\/1209\/revisions"}],"predecessor-version":[{"id":3035,"href":"https:\/\/astucesparentales.com\/index.php\/wp-json\/wp\/v2\/pages\/1209\/revisions\/3035"}],"wp:attachment":[{"href":"https:\/\/astucesparentales.com\/index.php\/wp-json\/wp\/v2\/media?parent=1209"}],"curies":[{"name":"wp","href":"https:\/\/api.w.org\/{rel}","templated":true}]}}