{"id":1428,"date":"2023-04-02T18:51:33","date_gmt":"2023-04-02T16:51:33","guid":{"rendered":"https:\/\/astucesparentales.com\/?page_id=1428"},"modified":"2024-04-13T04:33:40","modified_gmt":"2024-04-13T02:33:40","slug":"vos-temoignages","status":"publish","type":"page","link":"https:\/\/astucesparentales.com\/index.php\/vos-temoignages\/","title":{"rendered":"Vos t\u00e9moignages"},"content":{"rendered":"\n<p class=\"has-text-color has-large-font-size\" style=\"color:#1375ac\"><br>Bonjour,<br><br><\/p>\n\n\n\n<p><\/p>\n\n\n\n<p>En cliquant sur les diff\u00e9rents liens de t\u00e9moignages, par cat\u00e9gorie, vous pouvez acc\u00e9der aux histoires que partagent avec vous des personnes sinc\u00e8res et souvent engag\u00e9es. Vous pourrez commenter pour entrer en interaction avec elles.<br>Merci, par avance, pour votre bienveillance \u00e0 leurs \u00e9gards.<br><br><\/p>\n\n\n\n<p><\/p>\n\n\n\n<p><span style=\"text-decoration: underline;\">Et si vous souhaitez partager votre histoire, n\u2019h\u00e9sitez pas \u00e0 t\u00e9moigner en m\u2019envoyant vos \u00e9crits (ou vid\u00e9os\/audios) par e-mail, ainsi que<\/span> :<\/p>\n\n\n\n<p>\u2013 le nom ou pr\u00e9nom ou pseudo que vous souhaitez y rattacher,<\/p>\n\n\n\n<p>\u2013 une photo ou image qui, selon vous, illustre vos \u00e9crits,&nbsp;<\/p>\n\n\n\n<p>\u2013 la cat\u00e9gorie \u00e0 laquelle vous souhaitez rattacher votre histoire,<br>\u2013 ainsi qu&rsquo;un lien url si vous souhaitez qu&rsquo;il soit not\u00e9 et que votre photo am\u00e8ne sur votre blog, page, r\u00e9seau etc.<br><br><\/p>\n\n\n\n<p><strong>Email <\/strong>: contact@astucesparentales.com <br><br><\/p>\n\n\n\n<p><\/p>\n\n\n\n<p>     \u00c0 bient\u00f4t,<br>     \u00c9venelle<br><br><br><\/p>\n\n\n\n<p><\/p>\n\n\n\n<p><\/p>\n\n\n\n<p><\/p>\n","protected":false},"excerpt":{"rendered":"<p>Bonjour, En cliquant sur les diff\u00e9rents liens de t\u00e9moignages, par cat\u00e9gorie, vous pouvez acc\u00e9der aux histoires que partagent avec vous des personnes sinc\u00e8res et souvent engag\u00e9es. Vous pourrez commenter pour entrer en interaction avec elles.Merci, par avance, pour votre bienveillance \u00e0 leurs \u00e9gards. Et si vous souhaitez partager votre histoire, n\u2019h\u00e9sitez pas \u00e0 t\u00e9moigner en [&hellip;]<\/p>\n","protected":false},"author":1,"featured_media":0,"parent":0,"menu_order":0,"comment_status":"closed","ping_status":"closed","template":"","meta":{"_uag_custom_page_level_css":"","site-sidebar-layout":"default","site-content-layout":"","ast-site-content-layout":"","site-content-style":"default","site-sidebar-style":"default","ast-global-header-display":"","ast-banner-title-visibility":"","ast-main-header-display":"","ast-hfb-above-header-display":"","ast-hfb-below-header-display":"","ast-hfb-mobile-header-display":"","site-post-title":"","ast-breadcrumbs-content":"","ast-featured-img":"","footer-sml-layout":"","theme-transparent-header-meta":"","adv-header-id-meta":"","stick-header-meta":"","header-above-stick-meta":"","header-main-stick-meta":"","header-below-stick-meta":"","astra-migrate-meta-layouts":"default","ast-page-background-enabled":"default","ast-page-background-meta":{"desktop":{"background-color":"","background-image":"","background-repeat":"repeat","background-position":"center center","background-size":"auto","background-attachment":"scroll","background-type":"","background-media":"","overlay-type":"","overlay-color":"","overlay-opacity":"","overlay-gradient":""},"tablet":{"background-color":"","background-image":"","background-repeat":"repeat","background-position":"center center","background-size":"auto","background-attachment":"scroll","background-type":"","background-media":"","overlay-type":"","overlay-color":"","overlay-opacity":"","overlay-gradient":""},"mobile":{"background-color":"","background-image":"","background-repeat":"repeat","background-position":"center center","background-size":"auto","background-attachment":"scroll","background-type":"","background-media":"","overlay-type":"","overlay-color":"","overlay-opacity":"","overlay-gradient":""}},"ast-content-background-meta":{"desktop":{"background-color":"var(--ast-global-color-5)","background-image":"","background-repeat":"repeat","background-position":"center center","background-size":"auto","background-attachment":"scroll","background-type":"","background-media":"","overlay-type":"","overlay-color":"","overlay-opacity":"","overlay-gradient":""},"tablet":{"background-color":"var(--ast-global-color-5)","background-image":"","background-repeat":"repeat","background-position":"center center","background-size":"auto","background-attachment":"scroll","background-type":"","background-media":"","overlay-type":"","overlay-color":"","overlay-opacity":"","overlay-gradient":""},"mobile":{"background-color":"var(--ast-global-color-5)","background-image":"","background-repeat":"repeat","background-position":"center center","background-size":"auto","background-attachment":"scroll","background-type":"","background-media":"","overlay-type":"","overlay-color":"","overlay-opacity":"","overlay-gradient":""}},"footnotes":""},"class_list":["post-1428","page","type-page","status-publish","hentry"],"yoast_head":"<!-- This site is optimized with the Yoast SEO plugin v27.4 - https:\/\/yoast.com\/product\/yoast-seo-wordpress\/ -->\n<title>Vos t\u00e9moignages - Astuces Parentales<\/title>\n<meta name=\"robots\" content=\"index, follow, max-snippet:-1, max-image-preview:large, max-video-preview:-1\" \/>\n<link rel=\"canonical\" href=\"https:\/\/astucesparentales.com\/index.php\/vos-temoignages\/\" \/>\n<meta property=\"og:locale\" content=\"fr_FR\" \/>\n<meta property=\"og:type\" content=\"article\" \/>\n<meta property=\"og:title\" content=\"Vos t\u00e9moignages - Astuces Parentales\" \/>\n<meta property=\"og:description\" content=\"Bonjour, En cliquant sur les diff\u00e9rents liens de t\u00e9moignages, par cat\u00e9gorie, vous pouvez acc\u00e9der aux histoires que partagent avec vous des personnes sinc\u00e8res et souvent engag\u00e9es. Vous pourrez commenter pour entrer en interaction avec elles.Merci, par avance, pour votre bienveillance \u00e0 leurs \u00e9gards. Et si vous souhaitez partager votre histoire, n\u2019h\u00e9sitez pas \u00e0 t\u00e9moigner en [&hellip;]\" \/>\n<meta property=\"og:url\" content=\"https:\/\/astucesparentales.com\/index.php\/vos-temoignages\/\" \/>\n<meta property=\"og:site_name\" content=\"Astuces Parentales\" \/>\n<meta property=\"article:modified_time\" content=\"2024-04-13T02:33:40+00:00\" \/>\n<meta name=\"twitter:card\" content=\"summary_large_image\" \/>\n<meta name=\"twitter:label1\" content=\"Dur\u00e9e de lecture estim\u00e9e\" \/>\n\t<meta name=\"twitter:data1\" content=\"1 minute\" \/>\n<script type=\"application\/ld+json\" class=\"yoast-schema-graph\">{\"@context\":\"https:\\\/\\\/schema.org\",\"@graph\":[{\"@type\":\"WebPage\",\"@id\":\"https:\\\/\\\/astucesparentales.com\\\/index.php\\\/vos-temoignages\\\/\",\"url\":\"https:\\\/\\\/astucesparentales.com\\\/index.php\\\/vos-temoignages\\\/\",\"name\":\"Vos t\u00e9moignages - Astuces Parentales\",\"isPartOf\":{\"@id\":\"https:\\\/\\\/astucesparentales.com\\\/#website\"},\"datePublished\":\"2023-04-02T16:51:33+00:00\",\"dateModified\":\"2024-04-13T02:33:40+00:00\",\"breadcrumb\":{\"@id\":\"https:\\\/\\\/astucesparentales.com\\\/index.php\\\/vos-temoignages\\\/#breadcrumb\"},\"inLanguage\":\"fr-FR\",\"potentialAction\":[{\"@type\":\"ReadAction\",\"target\":[\"https:\\\/\\\/astucesparentales.com\\\/index.php\\\/vos-temoignages\\\/\"]}]},{\"@type\":\"BreadcrumbList\",\"@id\":\"https:\\\/\\\/astucesparentales.com\\\/index.php\\\/vos-temoignages\\\/#breadcrumb\",\"itemListElement\":[{\"@type\":\"ListItem\",\"position\":1,\"name\":\"Accueil\",\"item\":\"https:\\\/\\\/astucesparentales.com\\\/\"},{\"@type\":\"ListItem\",\"position\":2,\"name\":\"Vos t\u00e9moignages\"}]},{\"@type\":\"WebSite\",\"@id\":\"https:\\\/\\\/astucesparentales.com\\\/#website\",\"url\":\"https:\\\/\\\/astucesparentales.com\\\/\",\"name\":\"Astuces Parentales\",\"description\":\"Astuces Parentales\",\"publisher\":{\"@id\":\"https:\\\/\\\/astucesparentales.com\\\/#organization\"},\"potentialAction\":[{\"@type\":\"SearchAction\",\"target\":{\"@type\":\"EntryPoint\",\"urlTemplate\":\"https:\\\/\\\/astucesparentales.com\\\/?s={search_term_string}\"},\"query-input\":{\"@type\":\"PropertyValueSpecification\",\"valueRequired\":true,\"valueName\":\"search_term_string\"}}],\"inLanguage\":\"fr-FR\"},{\"@type\":\"Organization\",\"@id\":\"https:\\\/\\\/astucesparentales.com\\\/#organization\",\"name\":\"Astuces Parentales\",\"url\":\"https:\\\/\\\/astucesparentales.com\\\/\",\"logo\":{\"@type\":\"ImageObject\",\"inLanguage\":\"fr-FR\",\"@id\":\"https:\\\/\\\/astucesparentales.com\\\/#\\\/schema\\\/logo\\\/image\\\/\",\"url\":\"https:\\\/\\\/astucesparentales.com\\\/wp-content\\\/uploads\\\/2024\\\/01\\\/cropped-a9aw3-ny6e4.webp\",\"contentUrl\":\"https:\\\/\\\/astucesparentales.com\\\/wp-content\\\/uploads\\\/2024\\\/01\\\/cropped-a9aw3-ny6e4.webp\",\"width\":490,\"height\":476,\"caption\":\"Astuces Parentales\"},\"image\":{\"@id\":\"https:\\\/\\\/astucesparentales.com\\\/#\\\/schema\\\/logo\\\/image\\\/\"}}]}<\/script>\n<!-- \/ Yoast SEO plugin. -->","yoast_head_json":{"title":"Vos t\u00e9moignages - Astuces Parentales","robots":{"index":"index","follow":"follow","max-snippet":"max-snippet:-1","max-image-preview":"max-image-preview:large","max-video-preview":"max-video-preview:-1"},"canonical":"https:\/\/astucesparentales.com\/index.php\/vos-temoignages\/","og_locale":"fr_FR","og_type":"article","og_title":"Vos t\u00e9moignages - Astuces Parentales","og_description":"Bonjour, En cliquant sur les diff\u00e9rents liens de t\u00e9moignages, par cat\u00e9gorie, vous pouvez acc\u00e9der aux histoires que partagent avec vous des personnes sinc\u00e8res et souvent engag\u00e9es. Vous pourrez commenter pour entrer en interaction avec elles.Merci, par avance, pour votre bienveillance \u00e0 leurs \u00e9gards. Et si vous souhaitez partager votre histoire, n\u2019h\u00e9sitez pas \u00e0 t\u00e9moigner en [&hellip;]","og_url":"https:\/\/astucesparentales.com\/index.php\/vos-temoignages\/","og_site_name":"Astuces Parentales","article_modified_time":"2024-04-13T02:33:40+00:00","twitter_card":"summary_large_image","twitter_misc":{"Dur\u00e9e de lecture estim\u00e9e":"1 minute"},"schema":{"@context":"https:\/\/schema.org","@graph":[{"@type":"WebPage","@id":"https:\/\/astucesparentales.com\/index.php\/vos-temoignages\/","url":"https:\/\/astucesparentales.com\/index.php\/vos-temoignages\/","name":"Vos t\u00e9moignages - Astuces Parentales","isPartOf":{"@id":"https:\/\/astucesparentales.com\/#website"},"datePublished":"2023-04-02T16:51:33+00:00","dateModified":"2024-04-13T02:33:40+00:00","breadcrumb":{"@id":"https:\/\/astucesparentales.com\/index.php\/vos-temoignages\/#breadcrumb"},"inLanguage":"fr-FR","potentialAction":[{"@type":"ReadAction","target":["https:\/\/astucesparentales.com\/index.php\/vos-temoignages\/"]}]},{"@type":"BreadcrumbList","@id":"https:\/\/astucesparentales.com\/index.php\/vos-temoignages\/#breadcrumb","itemListElement":[{"@type":"ListItem","position":1,"name":"Accueil","item":"https:\/\/astucesparentales.com\/"},{"@type":"ListItem","position":2,"name":"Vos t\u00e9moignages"}]},{"@type":"WebSite","@id":"https:\/\/astucesparentales.com\/#website","url":"https:\/\/astucesparentales.com\/","name":"Astuces Parentales","description":"Astuces Parentales","publisher":{"@id":"https:\/\/astucesparentales.com\/#organization"},"potentialAction":[{"@type":"SearchAction","target":{"@type":"EntryPoint","urlTemplate":"https:\/\/astucesparentales.com\/?s={search_term_string}"},"query-input":{"@type":"PropertyValueSpecification","valueRequired":true,"valueName":"search_term_string"}}],"inLanguage":"fr-FR"},{"@type":"Organization","@id":"https:\/\/astucesparentales.com\/#organization","name":"Astuces Parentales","url":"https:\/\/astucesparentales.com\/","logo":{"@type":"ImageObject","inLanguage":"fr-FR","@id":"https:\/\/astucesparentales.com\/#\/schema\/logo\/image\/","url":"https:\/\/astucesparentales.com\/wp-content\/uploads\/2024\/01\/cropped-a9aw3-ny6e4.webp","contentUrl":"https:\/\/astucesparentales.com\/wp-content\/uploads\/2024\/01\/cropped-a9aw3-ny6e4.webp","width":490,"height":476,"caption":"Astuces Parentales"},"image":{"@id":"https:\/\/astucesparentales.com\/#\/schema\/logo\/image\/"}}]}},"uagb_featured_image_src":{"full":false,"thumbnail":false,"medium":false,"medium_large":false,"large":false,"1536x1536":false,"2048x2048":false},"uagb_author_info":{"display_name":"AstucesParentales","author_link":"https:\/\/astucesparentales.com\/index.php\/author\/astucesparentales-1\/"},"uagb_comment_info":0,"uagb_excerpt":"Bonjour, En cliquant sur les diff\u00e9rents liens de t\u00e9moignages, par cat\u00e9gorie, vous pouvez acc\u00e9der aux histoires que partagent avec vous des personnes sinc\u00e8res et souvent engag\u00e9es. Vous pourrez commenter pour entrer en interaction avec elles.Merci, par avance, pour votre bienveillance \u00e0 leurs \u00e9gards. Et si vous souhaitez partager votre histoire, n\u2019h\u00e9sitez pas \u00e0 t\u00e9moigner en\u2026","_links":{"self":[{"href":"https:\/\/astucesparentales.com\/index.php\/wp-json\/wp\/v2\/pages\/1428","targetHints":{"allow":["GET"]}}],"collection":[{"href":"https:\/\/astucesparentales.com\/index.php\/wp-json\/wp\/v2\/pages"}],"about":[{"href":"https:\/\/astucesparentales.com\/index.php\/wp-json\/wp\/v2\/types\/page"}],"author":[{"embeddable":true,"href":"https:\/\/astucesparentales.com\/index.php\/wp-json\/wp\/v2\/users\/1"}],"replies":[{"embeddable":true,"href":"https:\/\/astucesparentales.com\/index.php\/wp-json\/wp\/v2\/comments?post=1428"}],"version-history":[{"count":15,"href":"https:\/\/astucesparentales.com\/index.php\/wp-json\/wp\/v2\/pages\/1428\/revisions"}],"predecessor-version":[{"id":3684,"href":"https:\/\/astucesparentales.com\/index.php\/wp-json\/wp\/v2\/pages\/1428\/revisions\/3684"}],"wp:attachment":[{"href":"https:\/\/astucesparentales.com\/index.php\/wp-json\/wp\/v2\/media?parent=1428"}],"curies":[{"name":"wp","href":"https:\/\/api.w.org\/{rel}","templated":true}]}}