{"id":2685,"date":"2023-04-11T20:12:24","date_gmt":"2023-04-11T18:12:24","guid":{"rendered":"https:\/\/astucesparentales.com\/?page_id=2685"},"modified":"2024-04-26T02:34:38","modified_gmt":"2024-04-26T00:34:38","slug":"0-6-mois-sein-et-biberon","status":"publish","type":"page","link":"https:\/\/astucesparentales.com\/index.php\/0-6-mois-sein-et-biberon\/","title":{"rendered":"0 &#8211; 6 mois (sein et biberon)"},"content":{"rendered":"\t\t<div data-elementor-type=\"wp-page\" data-elementor-id=\"2685\" class=\"elementor elementor-2685\">\n\t\t\t\t\t\t<section class=\"elementor-section elementor-top-section elementor-element elementor-element-5ff270c elementor-section-boxed elementor-section-height-default elementor-section-height-default\" data-id=\"5ff270c\" data-element_type=\"section\" data-e-type=\"section\">\n\t\t\t\t\t\t<div class=\"elementor-container elementor-column-gap-default\">\n\t\t\t\t\t<div class=\"elementor-column elementor-col-100 elementor-top-column elementor-element elementor-element-ee67b20\" data-id=\"ee67b20\" data-element_type=\"column\" data-e-type=\"column\">\n\t\t\t<div class=\"elementor-widget-wrap elementor-element-populated\">\n\t\t\t\t\t\t<div class=\"elementor-element elementor-element-3f2525e elementor-widget elementor-widget-spacer\" data-id=\"3f2525e\" data-element_type=\"widget\" data-e-type=\"widget\" data-widget_type=\"spacer.default\">\n\t\t\t\t<div class=\"elementor-widget-container\">\n\t\t\t\t\t\t\t<div class=\"elementor-spacer\">\n\t\t\t<div class=\"elementor-spacer-inner\"><\/div>\n\t\t<\/div>\n\t\t\t\t\t\t<\/div>\n\t\t\t\t<\/div>\n\t\t\t\t\t<\/div>\n\t\t<\/div>\n\t\t\t\t\t<\/div>\n\t\t<\/section>\n\t\t\t\t<section class=\"elementor-section elementor-top-section elementor-element elementor-element-e93f351 elementor-section-boxed elementor-section-height-default elementor-section-height-default\" data-id=\"e93f351\" data-element_type=\"section\" data-e-type=\"section\">\n\t\t\t\t\t\t<div class=\"elementor-container elementor-column-gap-default\">\n\t\t\t\t\t<div class=\"elementor-column elementor-col-100 elementor-top-column elementor-element elementor-element-d7fa837\" data-id=\"d7fa837\" data-element_type=\"column\" data-e-type=\"column\">\n\t\t\t<div class=\"elementor-widget-wrap elementor-element-populated\">\n\t\t\t\t\t\t<div class=\"elementor-element elementor-element-74c6940 elementor-widget elementor-widget-heading\" data-id=\"74c6940\" data-element_type=\"widget\" data-e-type=\"widget\" data-widget_type=\"heading.default\">\n\t\t\t\t<div class=\"elementor-widget-container\">\n\t\t\t\t\t<h3 class=\"elementor-heading-title elementor-size-default\">Nourrir le corps et les \u00e9motions.<\/h3>\t\t\t\t<\/div>\n\t\t\t\t<\/div>\n\t\t\t\t\t<\/div>\n\t\t<\/div>\n\t\t\t\t\t<\/div>\n\t\t<\/section>\n\t\t\t\t<section class=\"elementor-section elementor-top-section elementor-element elementor-element-d003e22 elementor-section-boxed elementor-section-height-default elementor-section-height-default\" data-id=\"d003e22\" data-element_type=\"section\" data-e-type=\"section\">\n\t\t\t\t\t\t<div class=\"elementor-container elementor-column-gap-default\">\n\t\t\t\t\t<div class=\"elementor-column elementor-col-50 elementor-top-column elementor-element elementor-element-1941d78\" data-id=\"1941d78\" data-element_type=\"column\" data-e-type=\"column\">\n\t\t\t<div class=\"elementor-widget-wrap elementor-element-populated\">\n\t\t\t\t\t\t<div class=\"elementor-element elementor-element-7acda27 elementor-widget elementor-widget-image\" data-id=\"7acda27\" data-element_type=\"widget\" data-e-type=\"widget\" data-widget_type=\"image.default\">\n\t\t\t\t<div class=\"elementor-widget-container\">\n\t\t\t\t\t\t\t\t\t\t\t\t\t\t\t\t<a href=\"https:\/\/astucesparentales.com\/index.php\/category\/allaitement-avant-6mois\/\">\n\t\t\t\t\t\t\t<img fetchpriority=\"high\" decoding=\"async\" width=\"300\" height=\"300\" src=\"https:\/\/astucesparentales.com\/wp-content\/uploads\/2023\/04\/Allaitement-1-300x300.png\" class=\"attachment-medium size-medium wp-image-2403\" alt=\"\" srcset=\"https:\/\/astucesparentales.com\/wp-content\/uploads\/2023\/04\/Allaitement-1-300x300.png 300w, https:\/\/astucesparentales.com\/wp-content\/uploads\/2023\/04\/Allaitement-1-150x150.png 150w, https:\/\/astucesparentales.com\/wp-content\/uploads\/2023\/04\/Allaitement-1.png 500w\" sizes=\"(max-width: 300px) 100vw, 300px\" \/>\t\t\t\t\t\t\t\t<\/a>\n\t\t\t\t\t\t\t\t\t\t\t\t\t\t\t<\/div>\n\t\t\t\t<\/div>\n\t\t\t\t<div class=\"elementor-element elementor-element-34bbbf9 elementor-widget elementor-widget-heading\" data-id=\"34bbbf9\" data-element_type=\"widget\" data-e-type=\"widget\" data-widget_type=\"heading.default\">\n\t\t\t\t<div class=\"elementor-widget-container\">\n\t\t\t\t\t<h4 class=\"elementor-heading-title elementor-size-default\"><a href=\"https:\/\/astucesparentales.com\/index.php\/category\/allaitement-avant-6mois\/\">0 - 6 mois Allait\u00e9 (avant diversification)<\/a><\/h4>\t\t\t\t<\/div>\n\t\t\t\t<\/div>\n\t\t\t\t\t<\/div>\n\t\t<\/div>\n\t\t\t\t<div class=\"elementor-column elementor-col-50 elementor-top-column elementor-element elementor-element-c43e06d\" data-id=\"c43e06d\" data-element_type=\"column\" data-e-type=\"column\">\n\t\t\t<div class=\"elementor-widget-wrap elementor-element-populated\">\n\t\t\t\t\t\t<div class=\"elementor-element elementor-element-bb3fe0d elementor-widget elementor-widget-image\" data-id=\"bb3fe0d\" data-element_type=\"widget\" data-e-type=\"widget\" data-widget_type=\"image.default\">\n\t\t\t\t<div class=\"elementor-widget-container\">\n\t\t\t\t\t\t\t\t\t\t\t\t\t\t\t\t<a href=\"https:\/\/astucesparentales.com\/index.php\/category\/biberonnes\/\">\n\t\t\t\t\t\t\t<img decoding=\"async\" width=\"300\" height=\"300\" src=\"https:\/\/astucesparentales.com\/wp-content\/uploads\/2023\/04\/biberon-300x300.png\" class=\"attachment-medium size-medium wp-image-2406\" alt=\"\" srcset=\"https:\/\/astucesparentales.com\/wp-content\/uploads\/2023\/04\/biberon-300x300.png 300w, https:\/\/astucesparentales.com\/wp-content\/uploads\/2023\/04\/biberon-150x150.png 150w, https:\/\/astucesparentales.com\/wp-content\/uploads\/2023\/04\/biberon.png 500w\" sizes=\"(max-width: 300px) 100vw, 300px\" \/>\t\t\t\t\t\t\t\t<\/a>\n\t\t\t\t\t\t\t\t\t\t\t\t\t\t\t<\/div>\n\t\t\t\t<\/div>\n\t\t\t\t<div class=\"elementor-element elementor-element-926ad9b elementor-widget elementor-widget-heading\" data-id=\"926ad9b\" data-element_type=\"widget\" data-e-type=\"widget\" data-widget_type=\"heading.default\">\n\t\t\t\t<div class=\"elementor-widget-container\">\n\t\t\t\t\t<h4 class=\"elementor-heading-title elementor-size-default\"><a href=\"https:\/\/astucesparentales.com\/index.php\/category\/biberonnes\/\">0 - 6 mois Biberonn\u00e9 (avant diversification)<\/a><\/h4>\t\t\t\t<\/div>\n\t\t\t\t<\/div>\n\t\t\t\t\t<\/div>\n\t\t<\/div>\n\t\t\t\t\t<\/div>\n\t\t<\/section>\n\t\t\t\t<section class=\"elementor-section elementor-top-section elementor-element elementor-element-51a2d7a elementor-section-boxed elementor-section-height-default elementor-section-height-default\" data-id=\"51a2d7a\" data-element_type=\"section\" data-e-type=\"section\">\n\t\t\t\t\t\t<div class=\"elementor-container elementor-column-gap-default\">\n\t\t\t\t\t<div class=\"elementor-column elementor-col-100 elementor-top-column elementor-element elementor-element-9a14450\" data-id=\"9a14450\" data-element_type=\"column\" data-e-type=\"column\">\n\t\t\t<div class=\"elementor-widget-wrap elementor-element-populated\">\n\t\t\t\t\t\t<div class=\"elementor-element elementor-element-76f50ac elementor-widget elementor-widget-spacer\" data-id=\"76f50ac\" data-element_type=\"widget\" data-e-type=\"widget\" data-widget_type=\"spacer.default\">\n\t\t\t\t<div class=\"elementor-widget-container\">\n\t\t\t\t\t\t\t<div class=\"elementor-spacer\">\n\t\t\t<div class=\"elementor-spacer-inner\"><\/div>\n\t\t<\/div>\n\t\t\t\t\t\t<\/div>\n\t\t\t\t<\/div>\n\t\t\t\t\t<\/div>\n\t\t<\/div>\n\t\t\t\t\t<\/div>\n\t\t<\/section>\n\t\t\t\t<\/div>\n\t\t","protected":false},"excerpt":{"rendered":"<p>Nourrir le corps et les \u00e9motions. 0 &#8211; 6 mois Allait\u00e9 (avant diversification) 0 &#8211; 6 mois Biberonn\u00e9 (avant diversification)<\/p>\n","protected":false},"author":1,"featured_media":0,"parent":0,"menu_order":0,"comment_status":"closed","ping_status":"closed","template":"","meta":{"_uag_custom_page_level_css":"","site-sidebar-layout":"no-sidebar","site-content-layout":"page-builder","ast-site-content-layout":"","site-content-style":"default","site-sidebar-style":"default","ast-global-header-display":"","ast-banner-title-visibility":"","ast-main-header-display":"","ast-hfb-above-header-display":"","ast-hfb-below-header-display":"","ast-hfb-mobile-header-display":"","site-post-title":"disabled","ast-breadcrumbs-content":"","ast-featured-img":"disabled","footer-sml-layout":"","theme-transparent-header-meta":"","adv-header-id-meta":"","stick-header-meta":"","header-above-stick-meta":"","header-main-stick-meta":"","header-below-stick-meta":"","astra-migrate-meta-layouts":"default","ast-page-background-enabled":"default","ast-page-background-meta":{"desktop":{"background-color":"","background-image":"","background-repeat":"repeat","background-position":"center center","background-size":"auto","background-attachment":"scroll","background-type":"","background-media":"","overlay-type":"","overlay-color":"","overlay-opacity":"","overlay-gradient":""},"tablet":{"background-color":"","background-image":"","background-repeat":"repeat","background-position":"center center","background-size":"auto","background-attachment":"scroll","background-type":"","background-media":"","overlay-type":"","overlay-color":"","overlay-opacity":"","overlay-gradient":""},"mobile":{"background-color":"","background-image":"","background-repeat":"repeat","background-position":"center center","background-size":"auto","background-attachment":"scroll","background-type":"","background-media":"","overlay-type":"","overlay-color":"","overlay-opacity":"","overlay-gradient":""}},"ast-content-background-meta":{"desktop":{"background-color":"var(--ast-global-color-5)","background-image":"","background-repeat":"repeat","background-position":"center center","background-size":"auto","background-attachment":"scroll","background-type":"","background-media":"","overlay-type":"","overlay-color":"","overlay-opacity":"","overlay-gradient":""},"tablet":{"background-color":"var(--ast-global-color-5)","background-image":"","background-repeat":"repeat","background-position":"center center","background-size":"auto","background-attachment":"scroll","background-type":"","background-media":"","overlay-type":"","overlay-color":"","overlay-opacity":"","overlay-gradient":""},"mobile":{"background-color":"var(--ast-global-color-5)","background-image":"","background-repeat":"repeat","background-position":"center center","background-size":"auto","background-attachment":"scroll","background-type":"","background-media":"","overlay-type":"","overlay-color":"","overlay-opacity":"","overlay-gradient":""}},"footnotes":""},"class_list":["post-2685","page","type-page","status-publish","hentry"],"yoast_head":"<!-- This site is optimized with the Yoast SEO plugin v27.4 - https:\/\/yoast.com\/product\/yoast-seo-wordpress\/ -->\n<title>0 - 6 mois (sein et biberon) - Astuces Parentales<\/title>\n<meta name=\"description\" content=\"Comment nourrir mon b\u00e9b\u00e9 ? Sein, biberon ? Comment savoir ce qui me correspond le plus et ce qui est adapt\u00e9 \u00e0 mon b\u00e9b\u00e9 ?\" \/>\n<meta name=\"robots\" content=\"index, follow, max-snippet:-1, max-image-preview:large, max-video-preview:-1\" \/>\n<link rel=\"canonical\" href=\"https:\/\/astucesparentales.com\/index.php\/0-6-mois-sein-et-biberon\/\" \/>\n<meta property=\"og:locale\" content=\"fr_FR\" \/>\n<meta property=\"og:type\" content=\"article\" \/>\n<meta property=\"og:title\" content=\"0 - 6 mois (sein et biberon) - Astuces Parentales\" \/>\n<meta property=\"og:description\" content=\"Comment nourrir mon b\u00e9b\u00e9 ? Sein, biberon ? Comment savoir ce qui me correspond le plus et ce qui est adapt\u00e9 \u00e0 mon b\u00e9b\u00e9 ?\" \/>\n<meta property=\"og:url\" content=\"https:\/\/astucesparentales.com\/index.php\/0-6-mois-sein-et-biberon\/\" \/>\n<meta property=\"og:site_name\" content=\"Astuces Parentales\" \/>\n<meta property=\"article:modified_time\" content=\"2024-04-26T00:34:38+00:00\" \/>\n<meta property=\"og:image\" content=\"https:\/\/astucesparentales.com\/wp-content\/uploads\/2023\/04\/Allaitement-1-300x300.png\" \/>\n<meta name=\"twitter:card\" content=\"summary_large_image\" \/>\n<meta name=\"twitter:label1\" content=\"Dur\u00e9e de lecture estim\u00e9e\" \/>\n\t<meta name=\"twitter:data1\" content=\"1 minute\" \/>\n<script type=\"application\/ld+json\" class=\"yoast-schema-graph\">{\"@context\":\"https:\\\/\\\/schema.org\",\"@graph\":[{\"@type\":\"WebPage\",\"@id\":\"https:\\\/\\\/astucesparentales.com\\\/index.php\\\/0-6-mois-sein-et-biberon\\\/\",\"url\":\"https:\\\/\\\/astucesparentales.com\\\/index.php\\\/0-6-mois-sein-et-biberon\\\/\",\"name\":\"0 - 6 mois (sein et biberon) - Astuces Parentales\",\"isPartOf\":{\"@id\":\"https:\\\/\\\/astucesparentales.com\\\/#website\"},\"primaryImageOfPage\":{\"@id\":\"https:\\\/\\\/astucesparentales.com\\\/index.php\\\/0-6-mois-sein-et-biberon\\\/#primaryimage\"},\"image\":{\"@id\":\"https:\\\/\\\/astucesparentales.com\\\/index.php\\\/0-6-mois-sein-et-biberon\\\/#primaryimage\"},\"thumbnailUrl\":\"https:\\\/\\\/astucesparentales.com\\\/wp-content\\\/uploads\\\/2023\\\/04\\\/Allaitement-1-300x300.png\",\"datePublished\":\"2023-04-11T18:12:24+00:00\",\"dateModified\":\"2024-04-26T00:34:38+00:00\",\"description\":\"Comment nourrir mon b\u00e9b\u00e9 ? Sein, biberon ? Comment savoir ce qui me correspond le plus et ce qui est adapt\u00e9 \u00e0 mon b\u00e9b\u00e9 ?\",\"breadcrumb\":{\"@id\":\"https:\\\/\\\/astucesparentales.com\\\/index.php\\\/0-6-mois-sein-et-biberon\\\/#breadcrumb\"},\"inLanguage\":\"fr-FR\",\"potentialAction\":[{\"@type\":\"ReadAction\",\"target\":[\"https:\\\/\\\/astucesparentales.com\\\/index.php\\\/0-6-mois-sein-et-biberon\\\/\"]}]},{\"@type\":\"ImageObject\",\"inLanguage\":\"fr-FR\",\"@id\":\"https:\\\/\\\/astucesparentales.com\\\/index.php\\\/0-6-mois-sein-et-biberon\\\/#primaryimage\",\"url\":\"https:\\\/\\\/astucesparentales.com\\\/wp-content\\\/uploads\\\/2023\\\/04\\\/Allaitement-1.png\",\"contentUrl\":\"https:\\\/\\\/astucesparentales.com\\\/wp-content\\\/uploads\\\/2023\\\/04\\\/Allaitement-1.png\",\"width\":500,\"height\":500},{\"@type\":\"BreadcrumbList\",\"@id\":\"https:\\\/\\\/astucesparentales.com\\\/index.php\\\/0-6-mois-sein-et-biberon\\\/#breadcrumb\",\"itemListElement\":[{\"@type\":\"ListItem\",\"position\":1,\"name\":\"Accueil\",\"item\":\"https:\\\/\\\/astucesparentales.com\\\/\"},{\"@type\":\"ListItem\",\"position\":2,\"name\":\"0 &#8211; 6 mois (sein et biberon)\"}]},{\"@type\":\"WebSite\",\"@id\":\"https:\\\/\\\/astucesparentales.com\\\/#website\",\"url\":\"https:\\\/\\\/astucesparentales.com\\\/\",\"name\":\"Astuces Parentales\",\"description\":\"Astuces Parentales\",\"publisher\":{\"@id\":\"https:\\\/\\\/astucesparentales.com\\\/#organization\"},\"potentialAction\":[{\"@type\":\"SearchAction\",\"target\":{\"@type\":\"EntryPoint\",\"urlTemplate\":\"https:\\\/\\\/astucesparentales.com\\\/?s={search_term_string}\"},\"query-input\":{\"@type\":\"PropertyValueSpecification\",\"valueRequired\":true,\"valueName\":\"search_term_string\"}}],\"inLanguage\":\"fr-FR\"},{\"@type\":\"Organization\",\"@id\":\"https:\\\/\\\/astucesparentales.com\\\/#organization\",\"name\":\"Astuces Parentales\",\"url\":\"https:\\\/\\\/astucesparentales.com\\\/\",\"logo\":{\"@type\":\"ImageObject\",\"inLanguage\":\"fr-FR\",\"@id\":\"https:\\\/\\\/astucesparentales.com\\\/#\\\/schema\\\/logo\\\/image\\\/\",\"url\":\"https:\\\/\\\/astucesparentales.com\\\/wp-content\\\/uploads\\\/2024\\\/01\\\/cropped-a9aw3-ny6e4.webp\",\"contentUrl\":\"https:\\\/\\\/astucesparentales.com\\\/wp-content\\\/uploads\\\/2024\\\/01\\\/cropped-a9aw3-ny6e4.webp\",\"width\":490,\"height\":476,\"caption\":\"Astuces Parentales\"},\"image\":{\"@id\":\"https:\\\/\\\/astucesparentales.com\\\/#\\\/schema\\\/logo\\\/image\\\/\"}}]}<\/script>\n<!-- \/ Yoast SEO plugin. -->","yoast_head_json":{"title":"0 - 6 mois (sein et biberon) - Astuces Parentales","description":"Comment nourrir mon b\u00e9b\u00e9 ? Sein, biberon ? Comment savoir ce qui me correspond le plus et ce qui est adapt\u00e9 \u00e0 mon b\u00e9b\u00e9 ?","robots":{"index":"index","follow":"follow","max-snippet":"max-snippet:-1","max-image-preview":"max-image-preview:large","max-video-preview":"max-video-preview:-1"},"canonical":"https:\/\/astucesparentales.com\/index.php\/0-6-mois-sein-et-biberon\/","og_locale":"fr_FR","og_type":"article","og_title":"0 - 6 mois (sein et biberon) - Astuces Parentales","og_description":"Comment nourrir mon b\u00e9b\u00e9 ? Sein, biberon ? Comment savoir ce qui me correspond le plus et ce qui est adapt\u00e9 \u00e0 mon b\u00e9b\u00e9 ?","og_url":"https:\/\/astucesparentales.com\/index.php\/0-6-mois-sein-et-biberon\/","og_site_name":"Astuces Parentales","article_modified_time":"2024-04-26T00:34:38+00:00","og_image":[{"url":"https:\/\/astucesparentales.com\/wp-content\/uploads\/2023\/04\/Allaitement-1-300x300.png","type":"","width":"","height":""}],"twitter_card":"summary_large_image","twitter_misc":{"Dur\u00e9e de lecture estim\u00e9e":"1 minute"},"schema":{"@context":"https:\/\/schema.org","@graph":[{"@type":"WebPage","@id":"https:\/\/astucesparentales.com\/index.php\/0-6-mois-sein-et-biberon\/","url":"https:\/\/astucesparentales.com\/index.php\/0-6-mois-sein-et-biberon\/","name":"0 - 6 mois (sein et biberon) - Astuces Parentales","isPartOf":{"@id":"https:\/\/astucesparentales.com\/#website"},"primaryImageOfPage":{"@id":"https:\/\/astucesparentales.com\/index.php\/0-6-mois-sein-et-biberon\/#primaryimage"},"image":{"@id":"https:\/\/astucesparentales.com\/index.php\/0-6-mois-sein-et-biberon\/#primaryimage"},"thumbnailUrl":"https:\/\/astucesparentales.com\/wp-content\/uploads\/2023\/04\/Allaitement-1-300x300.png","datePublished":"2023-04-11T18:12:24+00:00","dateModified":"2024-04-26T00:34:38+00:00","description":"Comment nourrir mon b\u00e9b\u00e9 ? Sein, biberon ? Comment savoir ce qui me correspond le plus et ce qui est adapt\u00e9 \u00e0 mon b\u00e9b\u00e9 ?","breadcrumb":{"@id":"https:\/\/astucesparentales.com\/index.php\/0-6-mois-sein-et-biberon\/#breadcrumb"},"inLanguage":"fr-FR","potentialAction":[{"@type":"ReadAction","target":["https:\/\/astucesparentales.com\/index.php\/0-6-mois-sein-et-biberon\/"]}]},{"@type":"ImageObject","inLanguage":"fr-FR","@id":"https:\/\/astucesparentales.com\/index.php\/0-6-mois-sein-et-biberon\/#primaryimage","url":"https:\/\/astucesparentales.com\/wp-content\/uploads\/2023\/04\/Allaitement-1.png","contentUrl":"https:\/\/astucesparentales.com\/wp-content\/uploads\/2023\/04\/Allaitement-1.png","width":500,"height":500},{"@type":"BreadcrumbList","@id":"https:\/\/astucesparentales.com\/index.php\/0-6-mois-sein-et-biberon\/#breadcrumb","itemListElement":[{"@type":"ListItem","position":1,"name":"Accueil","item":"https:\/\/astucesparentales.com\/"},{"@type":"ListItem","position":2,"name":"0 &#8211; 6 mois (sein et biberon)"}]},{"@type":"WebSite","@id":"https:\/\/astucesparentales.com\/#website","url":"https:\/\/astucesparentales.com\/","name":"Astuces Parentales","description":"Astuces Parentales","publisher":{"@id":"https:\/\/astucesparentales.com\/#organization"},"potentialAction":[{"@type":"SearchAction","target":{"@type":"EntryPoint","urlTemplate":"https:\/\/astucesparentales.com\/?s={search_term_string}"},"query-input":{"@type":"PropertyValueSpecification","valueRequired":true,"valueName":"search_term_string"}}],"inLanguage":"fr-FR"},{"@type":"Organization","@id":"https:\/\/astucesparentales.com\/#organization","name":"Astuces Parentales","url":"https:\/\/astucesparentales.com\/","logo":{"@type":"ImageObject","inLanguage":"fr-FR","@id":"https:\/\/astucesparentales.com\/#\/schema\/logo\/image\/","url":"https:\/\/astucesparentales.com\/wp-content\/uploads\/2024\/01\/cropped-a9aw3-ny6e4.webp","contentUrl":"https:\/\/astucesparentales.com\/wp-content\/uploads\/2024\/01\/cropped-a9aw3-ny6e4.webp","width":490,"height":476,"caption":"Astuces Parentales"},"image":{"@id":"https:\/\/astucesparentales.com\/#\/schema\/logo\/image\/"}}]}},"uagb_featured_image_src":{"full":false,"thumbnail":false,"medium":false,"medium_large":false,"large":false,"1536x1536":false,"2048x2048":false},"uagb_author_info":{"display_name":"AstucesParentales","author_link":"https:\/\/astucesparentales.com\/index.php\/author\/astucesparentales-1\/"},"uagb_comment_info":0,"uagb_excerpt":"Nourrir le corps et les \u00e9motions. 0 &#8211; 6 mois Allait\u00e9 (avant diversification) 0 &#8211; 6 mois Biberonn\u00e9 (avant diversification)","_links":{"self":[{"href":"https:\/\/astucesparentales.com\/index.php\/wp-json\/wp\/v2\/pages\/2685","targetHints":{"allow":["GET"]}}],"collection":[{"href":"https:\/\/astucesparentales.com\/index.php\/wp-json\/wp\/v2\/pages"}],"about":[{"href":"https:\/\/astucesparentales.com\/index.php\/wp-json\/wp\/v2\/types\/page"}],"author":[{"embeddable":true,"href":"https:\/\/astucesparentales.com\/index.php\/wp-json\/wp\/v2\/users\/1"}],"replies":[{"embeddable":true,"href":"https:\/\/astucesparentales.com\/index.php\/wp-json\/wp\/v2\/comments?post=2685"}],"version-history":[{"count":19,"href":"https:\/\/astucesparentales.com\/index.php\/wp-json\/wp\/v2\/pages\/2685\/revisions"}],"predecessor-version":[{"id":2708,"href":"https:\/\/astucesparentales.com\/index.php\/wp-json\/wp\/v2\/pages\/2685\/revisions\/2708"}],"wp:attachment":[{"href":"https:\/\/astucesparentales.com\/index.php\/wp-json\/wp\/v2\/media?parent=2685"}],"curies":[{"name":"wp","href":"https:\/\/api.w.org\/{rel}","templated":true}]}}