{"id":4224,"date":"2024-06-30T05:04:25","date_gmt":"2024-06-30T03:04:25","guid":{"rendered":"https:\/\/astucesparentales.com\/?page_id=4224"},"modified":"2024-07-01T08:14:54","modified_gmt":"2024-07-01T06:14:54","slug":"reservation","status":"publish","type":"page","link":"https:\/\/astucesparentales.com\/index.php\/reservation\/","title":{"rendered":"R\u00e9servation"},"content":{"rendered":"\n<div style=\"height:100px\" aria-hidden=\"true\" class=\"wp-block-spacer\"><\/div>\n\n\n\n<h1 class=\"wp-block-heading has-text-align-center has-text-color has-link-color wp-elements-46e15a8f9365748158153eaecb0d152b\" style=\"color:#f69a50\"><span style=\"text-decoration: underline;\">R\u00e9servation d&rsquo;un 1er RDV<\/span><\/h1>\n\n\n\n<p class=\"has-text-align-center\">Ici, vous pouvez<strong> choisir le jour et l&rsquo;horaire<\/strong> de votre premier contact avec moi. <\/p>\n\n\n\n<p class=\"has-text-align-center\">Ce <strong>premier contact, gratuit<\/strong>, a pour but de <strong>cerner vos besoins et\/ou demandes<\/strong>.<br>\u00c0 bient\u00f4t,<br>\u00c9venelle<br><br><\/p>\n\n\n\n<p><\/p>\n\n\n\n<div class=\"wp-block-booking-booking\"> <div id=\"form_id820661918538\"  class=\"wpbc_container wpbc_form wpbc_container_booking_form  \" ><form  id=\"booking_form1\"   class=\"booking_form vertical\" method=\"post\" action=\"\"><div id=\"ajax_respond_insert1\" class=\"ajax_respond_insert\" style=\"display:none;\"><\/div><a name=\"bklnk1\" id=\"bklnk1\"><\/a><div id=\"booking_form_div1\" class=\"booking_form_div\"><style type=\"text\/css\">.wpbc_container_booking_form .block_hints, .wpbc_booking_form_simple.wpbc_form_center .wpbc__form__div .wpbc__row.wpbc_r_calendar,  .wpbc_booking_form_simple .wpbc__form__div .wpbc__row:not(.wpbc_r_calendar){max-width:440px;} <\/style>\n<div class=\"wpbc_booking_form_simple \">\n<div class=\"wpbc__row\">\n  <div class=\"wpbc__field\">\n    <div class=\"wpbc_calendar_wraper wpbc_change_over_triangle\"><div class=\"wpbc_cal_container bk_calendar_frame wpbc_no_custom_width  months_num_in_row_ cal_month_num_6\" style=\"\"><div id=\"calendar_booking1\">Chargement du calendrier...<\/div><\/div><div style=\"font-size:7px;text-align:left;margin:0 0 10px;text-shadow: none;\">Powered by <a href=\"https:\/\/wpbookingcalendar.com\" style=\"font-size:7px;\" target=\"_blank\" title=\"Booking Calendar plugin for WordPress\">Booking Calendar<\/a><\/div><textarea id=\"date_booking1\" name=\"date_booking1\" autocomplete=\"off\" style=\"display:none;\"><\/textarea><div class=\"block_hints datepick \"><div class=\"wpdev_hint_with_text\"><div class=\"block_free datepick-days-cell\"><a>&nbsp;<\/a><\/div><div class=\"block_text\">- <\/div><div class=\"block_text\">Disponible<\/div><\/div><div class=\"wpdev_hint_with_text\"><div class=\"block_booked date_approved\">&nbsp;<\/div><div class=\"block_text\">- <\/div><div class=\"block_text\">R\u00e9serv\u00e9<\/div><\/div><div class=\"wpdev_hint_with_text\"><div class=\"\"><span class=\" wpbc_change_over_triangle\"><div class=\"datepick-inline wpbc_calendar_legend_table_width_height\"><table class=\"datepick\" style=\"\"><tbody><tr><td class=\"datepick-days-cell date_available date2approve timespartly times_clock wpbc_calendar_legend_day_cell_height\"><div class=\"wpbc-cell-box\">\t<div class=\"wpbc-diagonal-el\">\t\t<div class=\"wpbc-co-out\"><svg height=\"100%\" width=\"100%\" viewBox=\"0 0 100 100\" preserveAspectRatio=\"none\"><polygon points=\"0,0 0,99 99,0\"><\/polygon><polygon points=\"0,0 0,100 49,100 49,0\"><\/polygon><\/svg><\/div>\t\t<div class=\"wpbc-co-in\"><svg height=\"100%\" width=\"100%\" viewBox=\"0 0 98 98\" preserveAspectRatio=\"none\"><polygon points=\"0,99 99,99 99,0\"><\/polygon><polygon points=\"50,98 98,98 98,0 50,0\"><\/polygon><\/svg><\/div>\t<\/div>\t<div class=\"date-cell-content\">\t\t<div class=\"date-content-top\"><div class=\"wpbc_time_dots\">\u00b7<\/div><\/div>\t\t<a>&nbsp;<\/a>\t\t<div class=\"date-content-bottom\"><\/div>\t<\/div><\/div><\/td><\/tr><\/tbody><\/table><\/div><\/span><\/div><div class=\"block_text\">- <\/div><div class=\"block_text\">Partiellement r\u00e9serv\u00e9<\/div><\/div><\/div><\/div>\n  <\/div>\n  <div class=\"wpbc__field\">\n   <div class=\"wpbc__form__div\">\n    <div class=\"wpbc_r_rangetime wpbc__row\">\n      <div class=\"wpbc__field\">  <label for=\"rangetime1\">Tranches horaires*:<\/label><br>   <select name=\"rangetime1\" id=\"rangetime1\" class=\"input-xlarge wpdev-validates-as-required\" >  <option value=\"05:00 - 05:30\" >5h00 - 5h30<\/option>  <option value=\"05:30 - 06:00\" >5h30 - 6h00<\/option>  <option value=\"06:00 - 06:30\" >6h00 - 6h30<\/option>  <option value=\"06:30 - 07:00\" >6h30 - 7h00<\/option>  <option value=\"07:00 - 07:30\" >7h00 - 7h30<\/option>  <option value=\"07:30 - 08:00\" >7h30 - 8h00<\/option>  <option value=\"08:00 - 08:30\" >8h00 - 8h30<\/option>  <option value=\"08:30 - 09:00\" >8h30 - 9h00<\/option>  <option value=\"09:00 - 09:30\" >9h00 - 9h30<\/option>  <option value=\"11:30 - 12:00\" >11h30 - 12h00<\/option>  <option value=\"22:30 - 23:00\" >22h30 - 23h00<\/option>  <option value=\"23:00 - 23:30\" >23h00 - 23h30<\/option>  <option value=\"23:30 - 24:00\" >23h30 - 24h00<\/option>  <option value=\"00:30 - 01:00\" >00h30 - 1h00<\/option>  <option value=\"01:00 - 01:30\" >1h00 - 1h30<\/option>  <option value=\"01:30 - 02:00\" >1h30 - 2h00<\/option>  <option value=\"02:00 - 02:30\" >2h00 - 2h30<\/option>  <option value=\"02:30 - 03:00\" >2h30 - 3h00<\/option>  <option value=\"03:00 - 03:30\" >3h00 - 3h30<\/option>  <option value=\"03:30 - 04:00\" >3h30 - 4h00<\/option>  <option value=\"04:00 - 04:30\" >4h00 - 4h30<\/option>  <option value=\"04:30 - 05:00\" >4h30 - 5h00<\/option>     <\/select><\/div>\n    <\/div>\n    <div class=\"wpbc_r_name wpbc__row\">\n      <div class=\"wpbc__field\">  <label for=\"name1\">Nom et Pr\u00e9nom*:<\/label><br>   <input type=\"text\" name=\"name1\" id=\"name1\" class=\"input-xlarge wpdev-validates-as-required\" \/><\/div>\n    <\/div>\n    <div class=\"wpbc_r_email wpbc__row\">\n      <div class=\"wpbc__field\">  <label for=\"email1\">Email*:<\/label><br>   <input type=\"text\" name=\"email1\" id=\"email1\" class=\"input-xlarge wpdev-validates-as-email wpdev-validates-as-required wpdev-validates-as-required\" \/><\/div>\n    <\/div>\n    <div class=\"wpbc_r_phone wpbc__row\">\n      <div class=\"wpbc__field\">  <label for=\"phone1\">T\u00e9l\u00e9phone:<\/label><br>   <input type=\"text\" name=\"phone1\" id=\"phone1\" class=\"input-xlarge\" \/><\/div>\n    <\/div>\n    <div class=\"wpbc_r_details wpbc__row\">\n      <div class=\"wpbc__field\">  <label for=\"details1\">Commentaires:<\/label><br>   <textarea  rows=\"3\" name=\"details1\" id=\"details1\" class=\"input-xlarge\" ><\/textarea><\/div>\n    <\/div>\n    <div class=\"wpbc_r_captcha wpbc__row\">\n      <div class=\"wpbc__field\"> <\/div>\n    <\/div>\n    <div class=\"wpbc_r_submit wpbc__row\">\n      <div class=\"wpbc__field\"> <button class=\"wpbc_button_light\" type=\"button\" onclick=\"mybooking_submit(this.form,1,'fr_FR');\" >Envoyer ma r\u00e9servation<\/button>\n<\/div>\n    <\/div>\n   <\/div>\n  <\/div>\n<\/div>\n<\/div><input id=\"bk_type1\" name=\"bk_type1\" class=\"\" type=\"hidden\" value=\"1\" \/><\/div><div id=\"submiting1\"><\/div><div class=\"form_bk_messages\" id=\"form_bk_messages1\" ><\/div><input type=\"hidden\" id=\"wpbc_nonceCALCULATE_THE_COST1\" name=\"wpbc_nonceCALCULATE_THE_COST1\" value=\"c042b32c05\" \/><input type=\"hidden\" name=\"_wp_http_referer\" value=\"\/index.php\/wp-json\/wp\/v2\/pages\/4224\" \/><\/form><\/div><div id=\"booking_form_garbage1\" class=\"booking_form_garbage\"><\/div><script type=\"text\/javascript\"> (function() { var a = setInterval( function() {  if ( ( 'undefined' === typeof jQuery ) || ! window.jQuery ) { return; } clearInterval( a ); jQuery( document ).ready( function (){ jQuery(\".widget_wpdev_booking .booking_form.form-horizontal\").removeClass(\"form-horizontal\");\n                                    var visible_calendars_count = _wpbc.get_other_param( \"calendars__on_this_page\" ).length;\n                                    if (visible_calendars_count !== null ) {\n                                        for (var i=0;i< visible_calendars_count ;i++){\n                                          if ( _wpbc.get_other_param( \"calendars__on_this_page\" )[i] === 1 ) {\n                                              document.getElementById(\"form_id820661918538\").innerHTML = \"<span style='color:#A00;font-size:10px;'>Attention! Le calendrier des r\u00e9servations pour ce type de ressources est d\u00e9j\u00e0 sur la page, veuillez v\u00e9rifier toute question \u00e0 ce sujet sur cette page: https:\/\/wpbookingcalendar.com\/faq\/why-the-booking-calendar-widget-not-show-on-page\/.<\/span>\";                                                                                                  \n                                              jQuery(\"#form_id820661918538\").animate( {opacity: 1}, 10000 ).fadeOut(5000);\n                                              return;\n                                          }\n                                        }\n                                        _wpbc.get_other_param( \"calendars__on_this_page\" )[ visible_calendars_count ]=1;\n                                    } } ); }, 500 ); })();<\/script> <script type=\"text\/javascript\"> (function() { var a = setInterval( function() {  if ( ( 'undefined' === typeof jQuery ) || ! window.jQuery ) { return; } clearInterval( a ); jQuery( document ).ready( function (){ _wpbc.balancer__set_max_threads( 3 );  _wpbc.calendar__set_param_value( 1 , 'calendar_scroll_to' , false );  _wpbc.calendar__set_param_value( 1 , 'booking_max_monthes_in_calendar' , '2y' );  _wpbc.calendar__set_param_value( 1 , 'booking_start_day_weeek' , '1' );  _wpbc.calendar__set_param_value( 1 , 'calendar_number_of_months' , '6' );   _wpbc.calendar__set_param_value( 1, 'days_select_mode', 'single' );   _wpbc.calendar__set_param_value( 1, 'fixed__days_num', 0 );   _wpbc.calendar__set_param_value( 1, 'fixed__week_days__start',   [] );   _wpbc.calendar__set_param_value( 1, 'dynamic__days_min', 0 );   _wpbc.calendar__set_param_value( 1, 'dynamic__days_max', 0 );   _wpbc.calendar__set_param_value( 1, 'dynamic__days_specific',    [] );   _wpbc.calendar__set_param_value( 1, 'dynamic__week_days__start', [] );   _wpbc.calendar__set_param_value( 1, 'booking_date_format', 'j M Y' );   _wpbc.calendar__set_param_value( 1, 'booking_time_format', 'H:i' );   if ( 'function' === typeof ( wpbc__conditions__SAVE_INITIAL__days_selection_params__bm ) ){ wpbc__conditions__SAVE_INITIAL__days_selection_params__bm( 1 ); }   wpbc_calendar_show( '1' );   _wpbc.set_secure_param( 'nonce',   '3411fe4284' );   _wpbc.set_secure_param( 'user_id', '0' );   _wpbc.set_secure_param( 'locale',  'fr_FR' );  wpbc_calendar__load_data__ajx( {\"resource_id\":1,\"booking_hash\":\"\",\"request_uri\":\"\\\/index.php\\\/wp-json\\\/wp\\\/v2\\\/pages\\\/4224\",\"custom_form\":\"standard\",\"aggregate_resource_id_str\":\"\",\"aggregate_type\":\"all\"} ); } ); }, 500 ); })();<\/script><\/div>\n","protected":false},"excerpt":{"rendered":"<p>R\u00e9servation d&rsquo;un 1er RDV Ici, vous pouvez choisir le jour et l&rsquo;horaire de votre premier contact avec moi. Ce premier contact, gratuit, a pour but de cerner vos besoins et\/ou demandes.\u00c0 bient\u00f4t,\u00c9venelle<\/p>\n","protected":false},"author":1,"featured_media":0,"parent":0,"menu_order":0,"comment_status":"closed","ping_status":"closed","template":"","meta":{"_uag_custom_page_level_css":"","site-sidebar-layout":"no-sidebar","site-content-layout":"page-builder","ast-site-content-layout":"full-width-container","site-content-style":"unboxed","site-sidebar-style":"unboxed","ast-global-header-display":"","ast-banner-title-visibility":"","ast-main-header-display":"","ast-hfb-above-header-display":"","ast-hfb-below-header-display":"","ast-hfb-mobile-header-display":"","site-post-title":"disabled","ast-breadcrumbs-content":"","ast-featured-img":"disabled","footer-sml-layout":"","theme-transparent-header-meta":"","adv-header-id-meta":"","stick-header-meta":"","header-above-stick-meta":"","header-main-stick-meta":"","header-below-stick-meta":"","astra-migrate-meta-layouts":"set","ast-page-background-enabled":"default","ast-page-background-meta":{"desktop":{"background-color":"","background-image":"","background-repeat":"repeat","background-position":"center center","background-size":"auto","background-attachment":"scroll","background-type":"","background-media":"","overlay-type":"","overlay-color":"","overlay-opacity":"","overlay-gradient":""},"tablet":{"background-color":"","background-image":"","background-repeat":"repeat","background-position":"center center","background-size":"auto","background-attachment":"scroll","background-type":"","background-media":"","overlay-type":"","overlay-color":"","overlay-opacity":"","overlay-gradient":""},"mobile":{"background-color":"","background-image":"","background-repeat":"repeat","background-position":"center center","background-size":"auto","background-attachment":"scroll","background-type":"","background-media":"","overlay-type":"","overlay-color":"","overlay-opacity":"","overlay-gradient":""}},"ast-content-background-meta":{"desktop":{"background-color":"var(--ast-global-color-5)","background-image":"","background-repeat":"repeat","background-position":"center center","background-size":"auto","background-attachment":"scroll","background-type":"","background-media":"","overlay-type":"","overlay-color":"","overlay-opacity":"","overlay-gradient":""},"tablet":{"background-color":"var(--ast-global-color-5)","background-image":"","background-repeat":"repeat","background-position":"center center","background-size":"auto","background-attachment":"scroll","background-type":"","background-media":"","overlay-type":"","overlay-color":"","overlay-opacity":"","overlay-gradient":""},"mobile":{"background-color":"var(--ast-global-color-5)","background-image":"","background-repeat":"repeat","background-position":"center center","background-size":"auto","background-attachment":"scroll","background-type":"","background-media":"","overlay-type":"","overlay-color":"","overlay-opacity":"","overlay-gradient":""}},"footnotes":""},"class_list":["post-4224","page","type-page","status-publish","hentry"],"yoast_head":"<!-- This site is optimized with the Yoast SEO plugin v27.4 - https:\/\/yoast.com\/product\/yoast-seo-wordpress\/ -->\n<title>R\u00e9servation - Astuces Parentales<\/title>\n<meta name=\"robots\" content=\"index, follow, max-snippet:-1, max-image-preview:large, max-video-preview:-1\" \/>\n<link rel=\"canonical\" href=\"https:\/\/astucesparentales.com\/index.php\/reservation\/\" \/>\n<meta property=\"og:locale\" content=\"fr_FR\" \/>\n<meta property=\"og:type\" content=\"article\" \/>\n<meta property=\"og:title\" content=\"R\u00e9servation - Astuces Parentales\" \/>\n<meta property=\"og:description\" content=\"R\u00e9servation d&rsquo;un 1er RDV Ici, vous pouvez choisir le jour et l&rsquo;horaire de votre premier contact avec moi. Ce premier contact, gratuit, a pour but de cerner vos besoins et\/ou demandes.\u00c0 bient\u00f4t,\u00c9venelle\" \/>\n<meta property=\"og:url\" content=\"https:\/\/astucesparentales.com\/index.php\/reservation\/\" \/>\n<meta property=\"og:site_name\" content=\"Astuces Parentales\" \/>\n<meta property=\"article:modified_time\" content=\"2024-07-01T06:14:54+00:00\" \/>\n<meta name=\"twitter:card\" content=\"summary_large_image\" \/>\n<meta name=\"twitter:label1\" content=\"Dur\u00e9e de lecture estim\u00e9e\" \/>\n\t<meta name=\"twitter:data1\" content=\"1 minute\" \/>\n<script type=\"application\/ld+json\" class=\"yoast-schema-graph\">{\"@context\":\"https:\\\/\\\/schema.org\",\"@graph\":[{\"@type\":\"WebPage\",\"@id\":\"https:\\\/\\\/astucesparentales.com\\\/index.php\\\/reservation\\\/\",\"url\":\"https:\\\/\\\/astucesparentales.com\\\/index.php\\\/reservation\\\/\",\"name\":\"R\u00e9servation - Astuces Parentales\",\"isPartOf\":{\"@id\":\"https:\\\/\\\/astucesparentales.com\\\/#website\"},\"datePublished\":\"2024-06-30T03:04:25+00:00\",\"dateModified\":\"2024-07-01T06:14:54+00:00\",\"breadcrumb\":{\"@id\":\"https:\\\/\\\/astucesparentales.com\\\/index.php\\\/reservation\\\/#breadcrumb\"},\"inLanguage\":\"fr-FR\",\"potentialAction\":[{\"@type\":\"ReadAction\",\"target\":[\"https:\\\/\\\/astucesparentales.com\\\/index.php\\\/reservation\\\/\"]}]},{\"@type\":\"BreadcrumbList\",\"@id\":\"https:\\\/\\\/astucesparentales.com\\\/index.php\\\/reservation\\\/#breadcrumb\",\"itemListElement\":[{\"@type\":\"ListItem\",\"position\":1,\"name\":\"Accueil\",\"item\":\"https:\\\/\\\/astucesparentales.com\\\/\"},{\"@type\":\"ListItem\",\"position\":2,\"name\":\"R\u00e9servation\"}]},{\"@type\":\"WebSite\",\"@id\":\"https:\\\/\\\/astucesparentales.com\\\/#website\",\"url\":\"https:\\\/\\\/astucesparentales.com\\\/\",\"name\":\"Astuces Parentales\",\"description\":\"Astuces Parentales\",\"publisher\":{\"@id\":\"https:\\\/\\\/astucesparentales.com\\\/#organization\"},\"potentialAction\":[{\"@type\":\"SearchAction\",\"target\":{\"@type\":\"EntryPoint\",\"urlTemplate\":\"https:\\\/\\\/astucesparentales.com\\\/?s={search_term_string}\"},\"query-input\":{\"@type\":\"PropertyValueSpecification\",\"valueRequired\":true,\"valueName\":\"search_term_string\"}}],\"inLanguage\":\"fr-FR\"},{\"@type\":\"Organization\",\"@id\":\"https:\\\/\\\/astucesparentales.com\\\/#organization\",\"name\":\"Astuces Parentales\",\"url\":\"https:\\\/\\\/astucesparentales.com\\\/\",\"logo\":{\"@type\":\"ImageObject\",\"inLanguage\":\"fr-FR\",\"@id\":\"https:\\\/\\\/astucesparentales.com\\\/#\\\/schema\\\/logo\\\/image\\\/\",\"url\":\"https:\\\/\\\/astucesparentales.com\\\/wp-content\\\/uploads\\\/2024\\\/01\\\/cropped-a9aw3-ny6e4.webp\",\"contentUrl\":\"https:\\\/\\\/astucesparentales.com\\\/wp-content\\\/uploads\\\/2024\\\/01\\\/cropped-a9aw3-ny6e4.webp\",\"width\":490,\"height\":476,\"caption\":\"Astuces Parentales\"},\"image\":{\"@id\":\"https:\\\/\\\/astucesparentales.com\\\/#\\\/schema\\\/logo\\\/image\\\/\"}}]}<\/script>\n<!-- \/ Yoast SEO plugin. -->","yoast_head_json":{"title":"R\u00e9servation - Astuces Parentales","robots":{"index":"index","follow":"follow","max-snippet":"max-snippet:-1","max-image-preview":"max-image-preview:large","max-video-preview":"max-video-preview:-1"},"canonical":"https:\/\/astucesparentales.com\/index.php\/reservation\/","og_locale":"fr_FR","og_type":"article","og_title":"R\u00e9servation - Astuces Parentales","og_description":"R\u00e9servation d&rsquo;un 1er RDV Ici, vous pouvez choisir le jour et l&rsquo;horaire de votre premier contact avec moi. Ce premier contact, gratuit, a pour but de cerner vos besoins et\/ou demandes.\u00c0 bient\u00f4t,\u00c9venelle","og_url":"https:\/\/astucesparentales.com\/index.php\/reservation\/","og_site_name":"Astuces Parentales","article_modified_time":"2024-07-01T06:14:54+00:00","twitter_card":"summary_large_image","twitter_misc":{"Dur\u00e9e de lecture estim\u00e9e":"1 minute"},"schema":{"@context":"https:\/\/schema.org","@graph":[{"@type":"WebPage","@id":"https:\/\/astucesparentales.com\/index.php\/reservation\/","url":"https:\/\/astucesparentales.com\/index.php\/reservation\/","name":"R\u00e9servation - Astuces Parentales","isPartOf":{"@id":"https:\/\/astucesparentales.com\/#website"},"datePublished":"2024-06-30T03:04:25+00:00","dateModified":"2024-07-01T06:14:54+00:00","breadcrumb":{"@id":"https:\/\/astucesparentales.com\/index.php\/reservation\/#breadcrumb"},"inLanguage":"fr-FR","potentialAction":[{"@type":"ReadAction","target":["https:\/\/astucesparentales.com\/index.php\/reservation\/"]}]},{"@type":"BreadcrumbList","@id":"https:\/\/astucesparentales.com\/index.php\/reservation\/#breadcrumb","itemListElement":[{"@type":"ListItem","position":1,"name":"Accueil","item":"https:\/\/astucesparentales.com\/"},{"@type":"ListItem","position":2,"name":"R\u00e9servation"}]},{"@type":"WebSite","@id":"https:\/\/astucesparentales.com\/#website","url":"https:\/\/astucesparentales.com\/","name":"Astuces Parentales","description":"Astuces Parentales","publisher":{"@id":"https:\/\/astucesparentales.com\/#organization"},"potentialAction":[{"@type":"SearchAction","target":{"@type":"EntryPoint","urlTemplate":"https:\/\/astucesparentales.com\/?s={search_term_string}"},"query-input":{"@type":"PropertyValueSpecification","valueRequired":true,"valueName":"search_term_string"}}],"inLanguage":"fr-FR"},{"@type":"Organization","@id":"https:\/\/astucesparentales.com\/#organization","name":"Astuces Parentales","url":"https:\/\/astucesparentales.com\/","logo":{"@type":"ImageObject","inLanguage":"fr-FR","@id":"https:\/\/astucesparentales.com\/#\/schema\/logo\/image\/","url":"https:\/\/astucesparentales.com\/wp-content\/uploads\/2024\/01\/cropped-a9aw3-ny6e4.webp","contentUrl":"https:\/\/astucesparentales.com\/wp-content\/uploads\/2024\/01\/cropped-a9aw3-ny6e4.webp","width":490,"height":476,"caption":"Astuces Parentales"},"image":{"@id":"https:\/\/astucesparentales.com\/#\/schema\/logo\/image\/"}}]}},"uagb_featured_image_src":{"full":false,"thumbnail":false,"medium":false,"medium_large":false,"large":false,"1536x1536":false,"2048x2048":false},"uagb_author_info":{"display_name":"AstucesParentales","author_link":"https:\/\/astucesparentales.com\/index.php\/author\/astucesparentales-1\/"},"uagb_comment_info":0,"uagb_excerpt":"R\u00e9servation d&rsquo;un 1er RDV Ici, vous pouvez choisir le jour et l&rsquo;horaire de votre premier contact avec moi. Ce premier contact, gratuit, a pour but de cerner vos besoins et\/ou demandes.\u00c0 bient\u00f4t,\u00c9venelle","_links":{"self":[{"href":"https:\/\/astucesparentales.com\/index.php\/wp-json\/wp\/v2\/pages\/4224","targetHints":{"allow":["GET"]}}],"collection":[{"href":"https:\/\/astucesparentales.com\/index.php\/wp-json\/wp\/v2\/pages"}],"about":[{"href":"https:\/\/astucesparentales.com\/index.php\/wp-json\/wp\/v2\/types\/page"}],"author":[{"embeddable":true,"href":"https:\/\/astucesparentales.com\/index.php\/wp-json\/wp\/v2\/users\/1"}],"replies":[{"embeddable":true,"href":"https:\/\/astucesparentales.com\/index.php\/wp-json\/wp\/v2\/comments?post=4224"}],"version-history":[{"count":8,"href":"https:\/\/astucesparentales.com\/index.php\/wp-json\/wp\/v2\/pages\/4224\/revisions"}],"predecessor-version":[{"id":4244,"href":"https:\/\/astucesparentales.com\/index.php\/wp-json\/wp\/v2\/pages\/4224\/revisions\/4244"}],"wp:attachment":[{"href":"https:\/\/astucesparentales.com\/index.php\/wp-json\/wp\/v2\/media?parent=4224"}],"curies":[{"name":"wp","href":"https:\/\/api.w.org\/{rel}","templated":true}]}}